{"id":2540,"date":"2001-05-16T00:00:00","date_gmt":"2001-05-16T00:00:00","guid":{"rendered":"https:\/\/miners.rocks\/product\/hochalpin-granatstufe-tirol\/"},"modified":"2020-05-19T16:59:24","modified_gmt":"2020-05-19T16:59:24","slug":"marche-grenat-de-haute-montagne-tyrolienne","status":"publish","type":"product","link":"https:\/\/westgem.shop\/fr\/produit\/marche-grenat-de-haute-montagne-tyrolienne\/","title":{"rendered":"Haute montagne GRANAT STUFE - Tyrol"},"content":{"rendered":"<p>GRANATES ALMANDINES de haute altitude sur GLIMMERSCHIEFER.<\/p>\n<p>Tr\u00e8s grand et beau cristal avec une surface finale parfaite.<\/p>\n<p>Gaisbergferner - \u00f6tztal - TIROL - AUSTRIA<\/p>\n<p>Poids : 350 g Dimensions : 10 x 6 x 6 cm - L'image 3 est la face inf\u00e9rieure .<\/p>","protected":false},"excerpt":{"rendered":"<p>GRANATS ALMANDINS de haute altitude sur GRAIN DE GLIME. Tr\u00e8s grand,beau cristal avec une face terminale parfaite. Gaisbergferner - \u00f6tztal - TIROL - AUSTRIA Poids : 350 g Dimensions : 10 x 6 x 6 cm - La photo 3 est la face inf\u00e9rieure .<\/p>","protected":false},"featured_media":3622,"template":"","meta":{"_acf_changed":false},"region":[],"product_brand":[],"product_cat":[15],"product_tag":[],"class_list":{"0":"post-2540","1":"product","2":"type-product","3":"status-publish","4":"has-post-thumbnail","6":"product_cat-mineralien","8":"first","9":"outofstock","10":"sold-individually","11":"product-type-simple"},"acf":[],"_links":{"self":[{"href":"https:\/\/westgem.shop\/fr\/wp-json\/wp\/v2\/product\/2540","targetHints":{"allow":["GET"]}}],"collection":[{"href":"https:\/\/westgem.shop\/fr\/wp-json\/wp\/v2\/product"}],"about":[{"href":"https:\/\/westgem.shop\/fr\/wp-json\/wp\/v2\/types\/product"}],"wp:featuredmedia":[{"embeddable":true,"href":"https:\/\/westgem.shop\/fr\/wp-json\/wp\/v2\/media\/3622"}],"wp:attachment":[{"href":"https:\/\/westgem.shop\/fr\/wp-json\/wp\/v2\/media?parent=2540"}],"wp:term":[{"taxonomy":"region","embeddable":true,"href":"https:\/\/westgem.shop\/fr\/wp-json\/wp\/v2\/region?post=2540"},{"taxonomy":"product_brand","embeddable":true,"href":"https:\/\/westgem.shop\/fr\/wp-json\/wp\/v2\/product_brand?post=2540"},{"taxonomy":"product_cat","embeddable":true,"href":"https:\/\/westgem.shop\/fr\/wp-json\/wp\/v2\/product_cat?post=2540"},{"taxonomy":"product_tag","embeddable":true,"href":"https:\/\/westgem.shop\/fr\/wp-json\/wp\/v2\/product_tag?post=2540"}],"curies":[{"name":"wp","href":"https:\/\/api.w.org\/{rel}","templated":true}]}}