{"id":2541,"date":"2001-05-17T00:00:00","date_gmt":"2001-05-17T00:00:00","guid":{"rendered":"https:\/\/miners.rocks\/product\/hochalpin-granat-tirol\/"},"modified":"2020-05-19T16:59:24","modified_gmt":"2020-05-19T16:59:24","slug":"grenat-de-haute-montagne-tyrolien","status":"publish","type":"product","link":"https:\/\/westgem.shop\/fr\/produit\/grenat-de-haute-montagne-tyrolien\/","title":{"rendered":"GRENAT DE HAUTE MONTAGNE - TYROL"},"content":{"rendered":"<p>Grand et puissant GRANAT D'ALAMANDINE sur roche m\u00e8re de schiste micac\u00e9.<\/p>\n<p>Le lieu de la d\u00e9couverte n'est plus accessible qu'au prix d'une escalade tr\u00e8s dangereuse.<\/p>\n<p>Granatkogel - Gaisbergferner - \u00f6tztal - TIROL - AUSTRIA<\/p>\n<p>Poids : 495 g Dimensions : 10 x 7 x 6 cm<\/p>\n<p>L'image 3 est la matrice du dessous<\/p>","protected":false},"excerpt":{"rendered":"<p>Grand et puissant GRANAT D'ALAMANDINE sur roche m\u00e8re de schiste micac\u00e9. Le site n'est plus accessible qu'au prix d'une escalade tr\u00e8s dangereuse. Granatkogel - Gaisbergferner - \u00f6tztal - Tirol - Austria Poids : 495 g Dimensions : 10 x 7 x 6 cm La photo 3 est la face inf\u00e9rieure de la matrice.<\/p>","protected":false},"featured_media":3626,"template":"","meta":{"_acf_changed":false},"region":[],"product_brand":[],"product_cat":[15],"product_tag":[],"class_list":{"0":"post-2541","1":"product","2":"type-product","3":"status-publish","4":"has-post-thumbnail","6":"product_cat-mineralien","8":"first","9":"outofstock","10":"sold-individually","11":"product-type-simple"},"acf":[],"_links":{"self":[{"href":"https:\/\/westgem.shop\/fr\/wp-json\/wp\/v2\/product\/2541","targetHints":{"allow":["GET"]}}],"collection":[{"href":"https:\/\/westgem.shop\/fr\/wp-json\/wp\/v2\/product"}],"about":[{"href":"https:\/\/westgem.shop\/fr\/wp-json\/wp\/v2\/types\/product"}],"wp:featuredmedia":[{"embeddable":true,"href":"https:\/\/westgem.shop\/fr\/wp-json\/wp\/v2\/media\/3626"}],"wp:attachment":[{"href":"https:\/\/westgem.shop\/fr\/wp-json\/wp\/v2\/media?parent=2541"}],"wp:term":[{"taxonomy":"region","embeddable":true,"href":"https:\/\/westgem.shop\/fr\/wp-json\/wp\/v2\/region?post=2541"},{"taxonomy":"product_brand","embeddable":true,"href":"https:\/\/westgem.shop\/fr\/wp-json\/wp\/v2\/product_brand?post=2541"},{"taxonomy":"product_cat","embeddable":true,"href":"https:\/\/westgem.shop\/fr\/wp-json\/wp\/v2\/product_cat?post=2541"},{"taxonomy":"product_tag","embeddable":true,"href":"https:\/\/westgem.shop\/fr\/wp-json\/wp\/v2\/product_tag?post=2541"}],"curies":[{"name":"wp","href":"https:\/\/api.w.org\/{rel}","templated":true}]}}