{"id":2542,"date":"2001-05-18T00:00:00","date_gmt":"2001-05-18T00:00:00","guid":{"rendered":"https:\/\/miners.rocks\/product\/tolle-hochalpin-granat-stufe\/"},"modified":"2020-05-19T16:59:25","modified_gmt":"2020-05-19T16:59:25","slug":"superbe-marche-de-grenat-de-haute-montagne","status":"publish","type":"product","link":"https:\/\/westgem.shop\/fr\/produit\/superbe-marche-de-grenat-de-haute-montagne\/","title":{"rendered":"Superbe GRANAT HOCHALPIN \u00c9TAPE"},"content":{"rendered":"<p>Un tr\u00e8s beau niveau de GRANAT D'ALMANDINE provenant d'un site extr\u00eamement difficile d'acc\u00e8s dans les Hautes-Alpes. Seuls des alpinistes tr\u00e8s exp\u00e9riment\u00e9s sont en mesure d'atteindre les gisements de grenat. De plus, le mat\u00e9riel r\u00e9cup\u00e9r\u00e9 doit \u00eatre descendu en rappel sur une paroi d'environ 200 m\u00e8tres de haut.<\/p>\n<p>GRANAT Var. ALMANDIN en FEUILLES GLIM\u00c9ES<\/p>\n<p>Granatkogel - Gaisbergferner - \u00f6tztal - TIROL - AUSTRIA<\/p>\n<p>Poids : 720 g Dimensions : 12 x 10 x 6 cm<\/p>","protected":false},"excerpt":{"rendered":"<p>Un tr\u00e8s beau niveau de GRANAT D'ALMANDIN, provenant d'un site extr\u00eamement difficile d'acc\u00e8s dans les Hautes-Alpes. Seuls des alpinistes tr\u00e8s exp\u00e9riment\u00e9s sont en mesure d'atteindre les gisements de grenat, et le mat\u00e9riel r\u00e9cup\u00e9r\u00e9 doit \u00eatre descendu en rappel sur une paroi d'environ 200 m\u00e8tres de haut. GRANAT Var. ALMANDIN dans GLIMMERSCHIEFER Granatkogel - Gaisbergferner [...]<\/p>","protected":false},"featured_media":3629,"template":"","meta":{"_acf_changed":false},"region":[],"product_brand":[],"product_cat":[15],"product_tag":[],"class_list":{"0":"post-2542","1":"product","2":"type-product","3":"status-publish","4":"has-post-thumbnail","6":"product_cat-mineralien","8":"first","9":"outofstock","10":"sold-individually","11":"product-type-simple"},"acf":[],"_links":{"self":[{"href":"https:\/\/westgem.shop\/fr\/wp-json\/wp\/v2\/product\/2542","targetHints":{"allow":["GET"]}}],"collection":[{"href":"https:\/\/westgem.shop\/fr\/wp-json\/wp\/v2\/product"}],"about":[{"href":"https:\/\/westgem.shop\/fr\/wp-json\/wp\/v2\/types\/product"}],"wp:featuredmedia":[{"embeddable":true,"href":"https:\/\/westgem.shop\/fr\/wp-json\/wp\/v2\/media\/3629"}],"wp:attachment":[{"href":"https:\/\/westgem.shop\/fr\/wp-json\/wp\/v2\/media?parent=2542"}],"wp:term":[{"taxonomy":"region","embeddable":true,"href":"https:\/\/westgem.shop\/fr\/wp-json\/wp\/v2\/region?post=2542"},{"taxonomy":"product_brand","embeddable":true,"href":"https:\/\/westgem.shop\/fr\/wp-json\/wp\/v2\/product_brand?post=2542"},{"taxonomy":"product_cat","embeddable":true,"href":"https:\/\/westgem.shop\/fr\/wp-json\/wp\/v2\/product_cat?post=2542"},{"taxonomy":"product_tag","embeddable":true,"href":"https:\/\/westgem.shop\/fr\/wp-json\/wp\/v2\/product_tag?post=2542"}],"curies":[{"name":"wp","href":"https:\/\/api.w.org\/{rel}","templated":true}]}}