{"id":2545,"date":"2001-05-21T00:00:00","date_gmt":"2001-05-21T00:00:00","guid":{"rendered":"https:\/\/miners.rocks\/product\/regenwald-rhyolith-australien\/"},"modified":"2020-05-19T16:59:26","modified_gmt":"2020-05-19T16:59:26","slug":"foret-tropicale-rhyolite-australie","status":"publish","type":"product","link":"https:\/\/westgem.shop\/fr\/produit\/foret-tropicale-rhyolite-australie\/","title":{"rendered":"\" REGENWALD\" RHYOLITH - Australie"},"content":{"rendered":"<p>Le nom \"FOR\u00caT DE PLUIE\" RHYOLITH est, comme pour beaucoup de pierres, un nom de fantaisie. La plupart de ces pierres sont color\u00e9es avec encore plus de nuances de vert - celle-ci est presque une exception - et leur aspect rappelle une for\u00eat tropicale.<\/p>\n<p>La RHYOLITH est une roche d'\u00e9panchement volcanique compos\u00e9e en grande partie de quartz et de FELDSPAT. Les zones claires de CHALCEDON intercal\u00e9, qui s'est cristallis\u00e9 dans les cavit\u00e9s de la roche volcanique, sont typiques de cette RHYOLITHE australienne.<\/p>\n<p>Le nom min\u00e9ral RHYOLITH vient du mot grichien \" pierre fluide \".<\/p>\n<p>La mati\u00e8re premi\u00e8re de ces superbes pierres d\u00e9coratives provient de la :<\/p>\n<p>Mine de Yerilla en Australie occidentale<\/p>\n<p>Ponc\u00e9 de tous c\u00f4t\u00e9s et poli \u00e0 la main.<\/p>\n<p>Poids : 340 g Dimensions : 9 x 8 x 4 cm<\/p>\n<p>Vous trouverez quelques autres pi\u00e8ces de ces magnifiques pierres dans la 'cat\u00e9gorie : <u>Pi\u00e8ces individuelles rectifi\u00e9es<\/u><\/p>","protected":false},"excerpt":{"rendered":"<p>Le nom \"FOR\u00caT DE PLUIE\" RHYOLITH est, comme pour beaucoup de pierres, un nom de fantaisie. La plupart de ces pierres sont color\u00e9es avec encore plus de nuances de vert - celle-ci est presque une exception - et rappellent par leur aspect une for\u00eat vierge tropicale. La RHYOLITH est une roche d'\u00e9panchement volcanique et se compose en grande partie de quartz et de FELDSPAT. Typique [...]<\/p>","protected":false},"featured_media":3639,"template":"","meta":{"_acf_changed":false},"region":[],"product_brand":[],"product_cat":[15],"product_tag":[],"class_list":{"0":"post-2545","1":"product","2":"type-product","3":"status-publish","4":"has-post-thumbnail","6":"product_cat-mineralien","8":"first","9":"outofstock","10":"sold-individually","11":"product-type-simple"},"acf":[],"_links":{"self":[{"href":"https:\/\/westgem.shop\/fr\/wp-json\/wp\/v2\/product\/2545","targetHints":{"allow":["GET"]}}],"collection":[{"href":"https:\/\/westgem.shop\/fr\/wp-json\/wp\/v2\/product"}],"about":[{"href":"https:\/\/westgem.shop\/fr\/wp-json\/wp\/v2\/types\/product"}],"wp:featuredmedia":[{"embeddable":true,"href":"https:\/\/westgem.shop\/fr\/wp-json\/wp\/v2\/media\/3639"}],"wp:attachment":[{"href":"https:\/\/westgem.shop\/fr\/wp-json\/wp\/v2\/media?parent=2545"}],"wp:term":[{"taxonomy":"region","embeddable":true,"href":"https:\/\/westgem.shop\/fr\/wp-json\/wp\/v2\/region?post=2545"},{"taxonomy":"product_brand","embeddable":true,"href":"https:\/\/westgem.shop\/fr\/wp-json\/wp\/v2\/product_brand?post=2545"},{"taxonomy":"product_cat","embeddable":true,"href":"https:\/\/westgem.shop\/fr\/wp-json\/wp\/v2\/product_cat?post=2545"},{"taxonomy":"product_tag","embeddable":true,"href":"https:\/\/westgem.shop\/fr\/wp-json\/wp\/v2\/product_tag?post=2545"}],"curies":[{"name":"wp","href":"https:\/\/api.w.org\/{rel}","templated":true}]}}