{"id":2546,"date":"2001-05-22T00:00:00","date_gmt":"2001-05-22T00:00:00","guid":{"rendered":"https:\/\/miners.rocks\/product\/regenwald-rhyolith-australien-2\/"},"modified":"2020-05-19T16:59:27","modified_gmt":"2020-05-19T16:59:27","slug":"foret-tropicale-rhyolite-australie-2","status":"publish","type":"product","link":"https:\/\/westgem.shop\/fr\/produit\/foret-tropicale-rhyolite-australie-2\/","title":{"rendered":"For\u00eat tropicale RHYOLITH - Australie"},"content":{"rendered":"<p>Tr\u00e8s belle \" FOR\u00caT DE PLUIE\" RHYOLITH de la<\/p>\n<p>Mine de Yerilla en Australie occidentale<\/p>\n<p>Pierre - description d\u00e9taill\u00e9e chez DS087 REGENWALD RHYOLITH - sur la page d'accueil !<\/p>\n<p>Poids : 230 g Dimensions : 8 x 6 x 4 cm<\/p>","protected":false},"excerpt":{"rendered":"<p>Tr\u00e8s belle RHYOLITE \"FOR\u00caT DE PLUIE\" de la mine de Yerilla en Australie de l'Ouest - description d\u00e9taill\u00e9e chez DS087 RHYOLITE FOR\u00caT DE PLUIE - sur la page d'accueil ! Poids : 230 g Dimensions : 8 x 6 x 4 cm<\/p>","protected":false},"featured_media":3642,"template":"","meta":{"_acf_changed":false},"region":[],"product_brand":[],"product_cat":[15],"product_tag":[],"class_list":{"0":"post-2546","1":"product","2":"type-product","3":"status-publish","4":"has-post-thumbnail","6":"product_cat-mineralien","8":"first","9":"outofstock","10":"sold-individually","11":"product-type-simple"},"acf":[],"_links":{"self":[{"href":"https:\/\/westgem.shop\/fr\/wp-json\/wp\/v2\/product\/2546","targetHints":{"allow":["GET"]}}],"collection":[{"href":"https:\/\/westgem.shop\/fr\/wp-json\/wp\/v2\/product"}],"about":[{"href":"https:\/\/westgem.shop\/fr\/wp-json\/wp\/v2\/types\/product"}],"wp:featuredmedia":[{"embeddable":true,"href":"https:\/\/westgem.shop\/fr\/wp-json\/wp\/v2\/media\/3642"}],"wp:attachment":[{"href":"https:\/\/westgem.shop\/fr\/wp-json\/wp\/v2\/media?parent=2546"}],"wp:term":[{"taxonomy":"region","embeddable":true,"href":"https:\/\/westgem.shop\/fr\/wp-json\/wp\/v2\/region?post=2546"},{"taxonomy":"product_brand","embeddable":true,"href":"https:\/\/westgem.shop\/fr\/wp-json\/wp\/v2\/product_brand?post=2546"},{"taxonomy":"product_cat","embeddable":true,"href":"https:\/\/westgem.shop\/fr\/wp-json\/wp\/v2\/product_cat?post=2546"},{"taxonomy":"product_tag","embeddable":true,"href":"https:\/\/westgem.shop\/fr\/wp-json\/wp\/v2\/product_tag?post=2546"}],"curies":[{"name":"wp","href":"https:\/\/api.w.org\/{rel}","templated":true}]}}