{"id":2547,"date":"2001-05-23T00:00:00","date_gmt":"2001-05-23T00:00:00","guid":{"rendered":"https:\/\/miners.rocks\/product\/toller-regenwald-rhyolith-australien\/"},"modified":"2020-05-19T16:59:27","modified_gmt":"2020-05-19T16:59:27","slug":"superbe-foret-tropicale-rhyolite-australie","status":"publish","type":"product","link":"https:\/\/westgem.shop\/fr\/produit\/superbe-foret-tropicale-rhyolite-australie\/","title":{"rendered":"Superbe FOR\u00caT DE PLUIE RHYOLITH - Australie"},"content":{"rendered":"<p>Polie \u00e0 la main sur tous les c\u00f4t\u00e9s, elle attire l'attention sur chaque bureau ....<\/p>\n<p>\"REGENWALD \" RHYOLITH - aspect de premi\u00e8re qualit\u00e9 - super polissage.<\/p>\n<p>Description d\u00e9taill\u00e9e de ces pierres chez l'art. DS087 FOR\u00caT TROPICALE RHYOLITE<\/p>\n<p>Poids : 260 g Dimensions : 8 x 7 x 4 cm<\/p>","protected":false},"excerpt":{"rendered":"<p>Polie \u00e0 la main sur tous les c\u00f4t\u00e9s, elle attire l'attention sur chaque bureau .... \"REGENWALD\" RHYOLITH - optique de premi\u00e8re classe - super polissage. Description d\u00e9taill\u00e9e de ces pierres \u00e0 l'art. DS087 REGENWALD RHYOLITH Poids : 260 g Dimensions : 8 x 7 x 4 cm<\/p>","protected":false},"featured_media":3645,"template":"","meta":{"_acf_changed":false},"region":[],"product_brand":[],"product_cat":[15],"product_tag":[],"class_list":{"0":"post-2547","1":"product","2":"type-product","3":"status-publish","4":"has-post-thumbnail","6":"product_cat-mineralien","8":"first","9":"outofstock","10":"sold-individually","11":"product-type-simple"},"acf":[],"_links":{"self":[{"href":"https:\/\/westgem.shop\/fr\/wp-json\/wp\/v2\/product\/2547","targetHints":{"allow":["GET"]}}],"collection":[{"href":"https:\/\/westgem.shop\/fr\/wp-json\/wp\/v2\/product"}],"about":[{"href":"https:\/\/westgem.shop\/fr\/wp-json\/wp\/v2\/types\/product"}],"wp:featuredmedia":[{"embeddable":true,"href":"https:\/\/westgem.shop\/fr\/wp-json\/wp\/v2\/media\/3645"}],"wp:attachment":[{"href":"https:\/\/westgem.shop\/fr\/wp-json\/wp\/v2\/media?parent=2547"}],"wp:term":[{"taxonomy":"region","embeddable":true,"href":"https:\/\/westgem.shop\/fr\/wp-json\/wp\/v2\/region?post=2547"},{"taxonomy":"product_brand","embeddable":true,"href":"https:\/\/westgem.shop\/fr\/wp-json\/wp\/v2\/product_brand?post=2547"},{"taxonomy":"product_cat","embeddable":true,"href":"https:\/\/westgem.shop\/fr\/wp-json\/wp\/v2\/product_cat?post=2547"},{"taxonomy":"product_tag","embeddable":true,"href":"https:\/\/westgem.shop\/fr\/wp-json\/wp\/v2\/product_tag?post=2547"}],"curies":[{"name":"wp","href":"https:\/\/api.w.org\/{rel}","templated":true}]}}