{"id":2548,"date":"2001-05-24T00:00:00","date_gmt":"2001-05-24T00:00:00","guid":{"rendered":"https:\/\/miners.rocks\/product\/smaragdit-saualpe-2\/"},"modified":"2020-05-19T16:59:27","modified_gmt":"2020-05-19T16:59:27","slug":"smaragdit-saualpe-2","status":"publish","type":"product","link":"https:\/\/westgem.shop\/fr\/produit\/smaragdit-saualpe-2\/","title":{"rendered":"SMARAGDIT - SAUALPE"},"content":{"rendered":"<p>La SMARAGDITE est une ACTINOLITE CHROM\u00c9E. Cristaux partiellement radioalumin\u00e9s en CARINTINE .<\/p>\n<p>Le 'site se trouve dans le Thisseggergraben tr\u00e8s escarp\u00e9 sur le SAUALPE en Carinthie orientale.<\/p>\n<p>Poids : 533 g Dimensions : 11 x 8 x 6 cm<\/p>","protected":false},"excerpt":{"rendered":"<p>SMARAGDIT est une ACTINOLITE CHROM\u00c9E, avec des cristaux partiellement radio-alumineux en CARINTINE. Le site se trouve dans le Thisseggergraben tr\u00e8s escarp\u00e9 sur le SAUALPE en Carinthie orientale. Poids : 533 g Dimensions : 11 x 8 x 6 cm<\/p>","protected":false},"featured_media":3648,"template":"","meta":{"_acf_changed":false},"region":[],"product_brand":[],"product_cat":[15],"product_tag":[],"class_list":{"0":"post-2548","1":"product","2":"type-product","3":"status-publish","4":"has-post-thumbnail","6":"product_cat-mineralien","8":"first","9":"outofstock","10":"sold-individually","11":"product-type-simple"},"acf":[],"_links":{"self":[{"href":"https:\/\/westgem.shop\/fr\/wp-json\/wp\/v2\/product\/2548","targetHints":{"allow":["GET"]}}],"collection":[{"href":"https:\/\/westgem.shop\/fr\/wp-json\/wp\/v2\/product"}],"about":[{"href":"https:\/\/westgem.shop\/fr\/wp-json\/wp\/v2\/types\/product"}],"wp:featuredmedia":[{"embeddable":true,"href":"https:\/\/westgem.shop\/fr\/wp-json\/wp\/v2\/media\/3648"}],"wp:attachment":[{"href":"https:\/\/westgem.shop\/fr\/wp-json\/wp\/v2\/media?parent=2548"}],"wp:term":[{"taxonomy":"region","embeddable":true,"href":"https:\/\/westgem.shop\/fr\/wp-json\/wp\/v2\/region?post=2548"},{"taxonomy":"product_brand","embeddable":true,"href":"https:\/\/westgem.shop\/fr\/wp-json\/wp\/v2\/product_brand?post=2548"},{"taxonomy":"product_cat","embeddable":true,"href":"https:\/\/westgem.shop\/fr\/wp-json\/wp\/v2\/product_cat?post=2548"},{"taxonomy":"product_tag","embeddable":true,"href":"https:\/\/westgem.shop\/fr\/wp-json\/wp\/v2\/product_tag?post=2548"}],"curies":[{"name":"wp","href":"https:\/\/api.w.org\/{rel}","templated":true}]}}