{"id":2549,"date":"2001-05-25T00:00:00","date_gmt":"2001-05-25T00:00:00","guid":{"rendered":"https:\/\/miners.rocks\/product\/disthen-x-im-quarz-saualpe\/"},"modified":"2020-05-19T16:59:29","modified_gmt":"2020-05-19T16:59:29","slug":"disthene-x-dans-le-quartz-saualpe","status":"publish","type":"product","link":"https:\/\/westgem.shop\/fr\/produit\/disthene-x-dans-le-quartz-saualpe\/","title":{"rendered":"DISTHENE X dans le quartz - SAUALPE"},"content":{"rendered":"<p>Dans la jeune for\u00eat, juste \u00e0 la limite des arbres, se trouvent dans une zone au-dessus du refuge Steiner des blocs d'EKLOGIT, parfois tr\u00e8s grands. Dans ces roches tr\u00e8s rares (voir description d\u00e9taill\u00e9e dans la rubrique EKLOGIT - MINERALIENS de Carinthie), on trouve aussi, avec de la chance, des cristaux bleus de CYANITE (DISTHENE). R\u00e9cemment, nous avons d\u00e9couvert dans un bloc de plusieurs tonnes une aiguille de quartz transversale avec de nombreux CRISTALLES de CYANITE. Malheureusement, les outils que nous avons emport\u00e9s (marteau et burin g\u00e9ants) ne nous ont pas permis de vraiment impressionner ce bloc imposant. Seul ce morceau a pu \u00eatre r\u00e9cup\u00e9r\u00e9, le bloc est encore sur la montagne - peut-\u00eatre l'ann\u00e9e prochaine avec des \"outils plus lourds\" il lib\u00e9rera encore quelques CYANITES.<\/p>\n<p>Petite pi\u00e8ce avec un cristal CYANIT sur pied d'une belle couleur.<\/p>\n<p>A propos du prix ? En 2 heures, nous avons ruin\u00e9 2 burins - moins le bon air et la vue magnifique \u00e0 presque 2000 m\u00e8tres d'altitude = le prix en ligne.<\/p>\n<p>Dimensions : 5 x 3 cm, x = 2 cm<\/p>","protected":false},"excerpt":{"rendered":"<p>Dans la jeune for\u00eat, juste \u00e0 la limite des arbres, se trouvent dans une zone au-dessus du refuge Steiner des blocs d'EKLOGIT, parfois tr\u00e8s grands. Dans ces roches tr\u00e8s rares (voir description d\u00e9taill\u00e9e dans EKLOGIT - MINERALIENS de Carinthie), on trouve aussi, avec de la chance, des cristaux bleus de CYANITE (DISTHENE). R\u00e9cemment, nous avons d\u00e9couvert dans un bloc de plusieurs tonnes une ADER de quartz transversale avec [...].<\/p>","protected":false},"featured_media":3651,"template":"","meta":{"_acf_changed":false},"region":[],"product_brand":[],"product_cat":[15],"product_tag":[],"class_list":{"0":"post-2549","1":"product","2":"type-product","3":"status-publish","4":"has-post-thumbnail","6":"product_cat-mineralien","8":"first","9":"outofstock","10":"sold-individually","11":"product-type-simple"},"acf":[],"_links":{"self":[{"href":"https:\/\/westgem.shop\/fr\/wp-json\/wp\/v2\/product\/2549","targetHints":{"allow":["GET"]}}],"collection":[{"href":"https:\/\/westgem.shop\/fr\/wp-json\/wp\/v2\/product"}],"about":[{"href":"https:\/\/westgem.shop\/fr\/wp-json\/wp\/v2\/types\/product"}],"wp:featuredmedia":[{"embeddable":true,"href":"https:\/\/westgem.shop\/fr\/wp-json\/wp\/v2\/media\/3651"}],"wp:attachment":[{"href":"https:\/\/westgem.shop\/fr\/wp-json\/wp\/v2\/media?parent=2549"}],"wp:term":[{"taxonomy":"region","embeddable":true,"href":"https:\/\/westgem.shop\/fr\/wp-json\/wp\/v2\/region?post=2549"},{"taxonomy":"product_brand","embeddable":true,"href":"https:\/\/westgem.shop\/fr\/wp-json\/wp\/v2\/product_brand?post=2549"},{"taxonomy":"product_cat","embeddable":true,"href":"https:\/\/westgem.shop\/fr\/wp-json\/wp\/v2\/product_cat?post=2549"},{"taxonomy":"product_tag","embeddable":true,"href":"https:\/\/westgem.shop\/fr\/wp-json\/wp\/v2\/product_tag?post=2549"}],"curies":[{"name":"wp","href":"https:\/\/api.w.org\/{rel}","templated":true}]}}