{"id":2552,"date":"2001-05-28T00:00:00","date_gmt":"2001-05-28T00:00:00","guid":{"rendered":"https:\/\/miners.rocks\/product\/black-turmalin-xx-madagaskar\/"},"modified":"2020-05-19T16:59:30","modified_gmt":"2020-05-19T16:59:30","slug":"tourmaline-noire-xx-madagascar","status":"publish","type":"product","link":"https:\/\/westgem.shop\/fr\/produit\/tourmaline-noire-xx-madagascar\/","title":{"rendered":"\"BLACK\" TURMALIN xx - Madagascar"},"content":{"rendered":"<p>CRISTALES TURMALINES puissantes, d'un noir profond, avec des t\u00eates et des extr\u00e9mit\u00e9s d\u00e9velopp\u00e9es, associ\u00e9es \u00e0 du feldspath ALBIT blanc comme la neige et \u00e0 du quartz l\u00e9g\u00e8rement fum\u00e9.<\/p>\n<p>La couleur de la TURMALINE NOIRE est due \u00e0 une forte teneur en fer ,<u> en coupe fine<\/u> ces TURMALINE sont cependant<u> pas noir<\/u> mais ROUGE - JAUNE - VERT - ou le plus souvent en plusieurs couleurs combin\u00e9es .<\/p>\n<p>Antsirabe - Madagascar<\/p>\n<p>Poids : 700 g Dimensions : 10 x 9 x 7 cm<\/p>\n<p><u>SUPER PRIX D'IMPORTATION DIRECTE ! - Vous pouvez voir d'autres TURMALINS xx de ce lot dans la cat\u00e9gorie : MINERAIS d'AFRIQUE.<\/u><\/p>","protected":false},"excerpt":{"rendered":"<p>CRISTALES TURMALINES puissantes, d'un noir profond, avec une t\u00eate et des extr\u00e9mit\u00e9s d\u00e9velopp\u00e9es, associ\u00e9es \u00e0 du feldspath ALBIT blanc comme la neige et \u00e0 du quartz l\u00e9g\u00e8rement fum\u00e9. La couleur des TURMALINES NOIRES est due \u00e0 une forte teneur en fer, mais en coupe fine, ces TURMALINES ne sont pas noires mais ROUGES, JAUNES, VERTES ou souvent combin\u00e9es en plusieurs couleurs. Antsirabe - Madagascar [...]<\/p>","protected":false},"featured_media":3659,"template":"","meta":{"_acf_changed":false},"region":[],"product_brand":[],"product_cat":[15],"product_tag":[],"class_list":{"0":"post-2552","1":"product","2":"type-product","3":"status-publish","4":"has-post-thumbnail","6":"product_cat-mineralien","8":"first","9":"outofstock","10":"sold-individually","11":"product-type-simple"},"acf":[],"_links":{"self":[{"href":"https:\/\/westgem.shop\/fr\/wp-json\/wp\/v2\/product\/2552","targetHints":{"allow":["GET"]}}],"collection":[{"href":"https:\/\/westgem.shop\/fr\/wp-json\/wp\/v2\/product"}],"about":[{"href":"https:\/\/westgem.shop\/fr\/wp-json\/wp\/v2\/types\/product"}],"wp:featuredmedia":[{"embeddable":true,"href":"https:\/\/westgem.shop\/fr\/wp-json\/wp\/v2\/media\/3659"}],"wp:attachment":[{"href":"https:\/\/westgem.shop\/fr\/wp-json\/wp\/v2\/media?parent=2552"}],"wp:term":[{"taxonomy":"region","embeddable":true,"href":"https:\/\/westgem.shop\/fr\/wp-json\/wp\/v2\/region?post=2552"},{"taxonomy":"product_brand","embeddable":true,"href":"https:\/\/westgem.shop\/fr\/wp-json\/wp\/v2\/product_brand?post=2552"},{"taxonomy":"product_cat","embeddable":true,"href":"https:\/\/westgem.shop\/fr\/wp-json\/wp\/v2\/product_cat?post=2552"},{"taxonomy":"product_tag","embeddable":true,"href":"https:\/\/westgem.shop\/fr\/wp-json\/wp\/v2\/product_tag?post=2552"}],"curies":[{"name":"wp","href":"https:\/\/api.w.org\/{rel}","templated":true}]}}