{"id":2554,"date":"2001-05-30T00:00:00","date_gmt":"2001-05-30T00:00:00","guid":{"rendered":"https:\/\/miners.rocks\/product\/schwarzer-turmalin-xx\/"},"modified":"2020-05-19T16:59:31","modified_gmt":"2020-05-19T16:59:31","slug":"tourmaline-noire-xx","status":"publish","type":"product","link":"https:\/\/westgem.shop\/fr\/produit\/tourmaline-noire-xx\/","title":{"rendered":"TOURMALINE NOIRE XX"},"content":{"rendered":"<p>Des CRISTALES TURMALINES d'un noir profond, aux rayures longues et puissantes, avec des t\u00eates et des extr\u00e9mit\u00e9s d\u00e9velopp\u00e9es. Les parties blanches des cristaux sont de l'ALBIT FELDSPAT, ainsi qu'un peu de quartz l\u00e9g\u00e8rement fum\u00e9.<\/p>\n<p>localisation de la trouvaille : Antsirabe - Madagascar<\/p>\n<p>Poids : 510 g Dimensions : 8x 8 x 7 cm<\/p>","protected":false},"excerpt":{"rendered":"<p>Des CRISTALES TURMALINES d'un noir profond, aux rayures longues et puissantes, avec des t\u00eates et des extr\u00e9mit\u00e9s d\u00e9velopp\u00e9es. Les parties blanches des cristaux sont des ALBIT FELDSPAT, ainsi qu'un peu de quartz l\u00e9g\u00e8rement fum\u00e9. Lieu de d\u00e9couverte : Antsirabe - Madagascar Poids : 510 g Dimensions : 8x 8 x 7 cm<\/p>","protected":false},"featured_media":3665,"template":"","meta":{"_acf_changed":false},"region":[],"product_brand":[],"product_cat":[15],"product_tag":[],"class_list":{"0":"post-2554","1":"product","2":"type-product","3":"status-publish","4":"has-post-thumbnail","6":"product_cat-mineralien","8":"first","9":"outofstock","10":"sold-individually","11":"product-type-simple"},"acf":[],"_links":{"self":[{"href":"https:\/\/westgem.shop\/fr\/wp-json\/wp\/v2\/product\/2554","targetHints":{"allow":["GET"]}}],"collection":[{"href":"https:\/\/westgem.shop\/fr\/wp-json\/wp\/v2\/product"}],"about":[{"href":"https:\/\/westgem.shop\/fr\/wp-json\/wp\/v2\/types\/product"}],"wp:featuredmedia":[{"embeddable":true,"href":"https:\/\/westgem.shop\/fr\/wp-json\/wp\/v2\/media\/3665"}],"wp:attachment":[{"href":"https:\/\/westgem.shop\/fr\/wp-json\/wp\/v2\/media?parent=2554"}],"wp:term":[{"taxonomy":"region","embeddable":true,"href":"https:\/\/westgem.shop\/fr\/wp-json\/wp\/v2\/region?post=2554"},{"taxonomy":"product_brand","embeddable":true,"href":"https:\/\/westgem.shop\/fr\/wp-json\/wp\/v2\/product_brand?post=2554"},{"taxonomy":"product_cat","embeddable":true,"href":"https:\/\/westgem.shop\/fr\/wp-json\/wp\/v2\/product_cat?post=2554"},{"taxonomy":"product_tag","embeddable":true,"href":"https:\/\/westgem.shop\/fr\/wp-json\/wp\/v2\/product_tag?post=2554"}],"curies":[{"name":"wp","href":"https:\/\/api.w.org\/{rel}","templated":true}]}}