{"id":2555,"date":"2001-05-31T00:00:00","date_gmt":"2001-05-31T00:00:00","guid":{"rendered":"https:\/\/miners.rocks\/product\/leber-opal-madagaskar\/"},"modified":"2020-05-19T16:59:31","modified_gmt":"2020-05-19T16:59:31","slug":"foie-opale-malgache","status":"publish","type":"product","link":"https:\/\/westgem.shop\/fr\/produit\/foie-opale-malgache\/","title":{"rendered":"\" LEBER OPAL\" - Madagascar"},"content":{"rendered":"<p>Parmi les OPALENS, on distingue les OPALENS EDEL et les OPALENS dits communs .<\/p>\n<p>Le grand groupe des OPALES G\u00c9N\u00c9RALES - ou OPALITES - comprend diff\u00e9rentes vari\u00e9t\u00e9s qui portent des noms autonomes en fonction de leur aspect, de leur lieu de d\u00e9couverte ou de leur composition. Par exemple l'opale de lait, l'opale de bois, l'opale dendritique, l'opale de miel, l'opale chlorotique, .......... et.<\/p>\n<p>L'OPALITH pr\u00e9sent\u00e9e ici est appel\u00e9e LEBER - ou HONIGE OPAL - peu importe la raison.<\/p>\n<p>Le lieu de la d\u00e9couverte est Mahatsinja - Bekily - Madagascar<\/p>\n<p>Ce morceau pourrait \u00e9galement servir de mat\u00e9riau abrasif.<\/p>\n<p>Poids : 680 g Dimensions : 11,5 x 19 x 6 cm<\/p>","protected":false},"excerpt":{"rendered":"<p>Parmi les OPALENS, on distingue les EDELOPALENS et les OPALENS dits communs. Le grand groupe des OPALES COMMUNS - ou OPALITHES - comprend diff\u00e9rentes vari\u00e9t\u00e9s qui portent des noms autonomes en fonction de leur aspect, de leur lieu de d\u00e9couverte ou de leur composition. Par exemple l'opale de lait, l'opale de bois, l'opale dendritique, l'opale de miel, l'opale chlorotique, .......... et. L'OPALITH pr\u00e9sent\u00e9e ici est appel\u00e9e LEBER - ou [...].<\/p>","protected":false},"featured_media":3668,"template":"","meta":{"_acf_changed":false},"region":[],"product_brand":[],"product_cat":[15],"product_tag":[],"class_list":{"0":"post-2555","1":"product","2":"type-product","3":"status-publish","4":"has-post-thumbnail","6":"product_cat-mineralien","8":"first","9":"outofstock","10":"sold-individually","11":"product-type-simple"},"acf":[],"_links":{"self":[{"href":"https:\/\/westgem.shop\/fr\/wp-json\/wp\/v2\/product\/2555","targetHints":{"allow":["GET"]}}],"collection":[{"href":"https:\/\/westgem.shop\/fr\/wp-json\/wp\/v2\/product"}],"about":[{"href":"https:\/\/westgem.shop\/fr\/wp-json\/wp\/v2\/types\/product"}],"wp:featuredmedia":[{"embeddable":true,"href":"https:\/\/westgem.shop\/fr\/wp-json\/wp\/v2\/media\/3668"}],"wp:attachment":[{"href":"https:\/\/westgem.shop\/fr\/wp-json\/wp\/v2\/media?parent=2555"}],"wp:term":[{"taxonomy":"region","embeddable":true,"href":"https:\/\/westgem.shop\/fr\/wp-json\/wp\/v2\/region?post=2555"},{"taxonomy":"product_brand","embeddable":true,"href":"https:\/\/westgem.shop\/fr\/wp-json\/wp\/v2\/product_brand?post=2555"},{"taxonomy":"product_cat","embeddable":true,"href":"https:\/\/westgem.shop\/fr\/wp-json\/wp\/v2\/product_cat?post=2555"},{"taxonomy":"product_tag","embeddable":true,"href":"https:\/\/westgem.shop\/fr\/wp-json\/wp\/v2\/product_tag?post=2555"}],"curies":[{"name":"wp","href":"https:\/\/api.w.org\/{rel}","templated":true}]}}