{"id":2557,"date":"2001-06-02T00:00:00","date_gmt":"2001-06-02T00:00:00","guid":{"rendered":"https:\/\/miners.rocks\/product\/hildegard-jaspis-rohstein\/"},"modified":"2020-05-19T16:59:32","modified_gmt":"2020-05-19T16:59:32","slug":"hildegard-jaspis-pierre-brute","status":"publish","type":"product","link":"https:\/\/westgem.shop\/fr\/produit\/hildegard-jaspis-pierre-brute\/","title":{"rendered":"\" Hildegard \" Jaspe - Pierre brute"},"content":{"rendered":"<p>JASPACHAT - est une combinaison de -JASPIS et d'ACHAT . Il s'agit donc en fait d'une roche et non d'un min\u00e9ral \u00e0 part enti\u00e8re.<\/p>\n<p>Le nom de jaspe HILDEGARD provient de Hildegard von Bingen, qui qualifiait ces pierres de \"pierres de gu\u00e9rison\" ? et qui sont aujourd'hui propos\u00e9es sous cette forme, car les pierres avec ces attributs sont apparemment plus faciles \u00e0 vendre !<\/p>\n<p>Cette vari\u00e9t\u00e9 de jaspe avec de petites agates incrust\u00e9es est id\u00e9ale pour tailler de superbes bijoux avec des motifs de premi\u00e8re qualit\u00e9.<\/p>\n<p>Le lieu de la d\u00e9couverte est Tidikelt - ALG\u00c9RIE - AFRIQUE DU NORD<\/p>\n<p>Poids : 700 g Dimensions : 10 x 9 x 7 cm<\/p>","protected":false},"excerpt":{"rendered":"<p>JASPACHAT - est une combinaison de -JASPIS et d'ACHAT . Il s'agit donc en fait d'une roche et non d'un min\u00e9ral \u00e0 part enti\u00e8re. Le nom de jaspe HILDEGARD vient de Hildegard von Bingen, qui a d\u00e9crit ces pierres comme des \"pierres de gu\u00e9rison\" ? et c'est ainsi qu'elles sont propos\u00e9es aujourd'hui, car les pierres ayant ces attributs sont apparemment plus faciles \u00e0 [...].<\/p>","protected":false},"featured_media":3674,"template":"","meta":{"_acf_changed":false},"region":[],"product_brand":[],"product_cat":[15],"product_tag":[],"class_list":{"0":"post-2557","1":"product","2":"type-product","3":"status-publish","4":"has-post-thumbnail","6":"product_cat-mineralien","8":"first","9":"outofstock","10":"sold-individually","11":"product-type-simple"},"acf":[],"_links":{"self":[{"href":"https:\/\/westgem.shop\/fr\/wp-json\/wp\/v2\/product\/2557","targetHints":{"allow":["GET"]}}],"collection":[{"href":"https:\/\/westgem.shop\/fr\/wp-json\/wp\/v2\/product"}],"about":[{"href":"https:\/\/westgem.shop\/fr\/wp-json\/wp\/v2\/types\/product"}],"wp:featuredmedia":[{"embeddable":true,"href":"https:\/\/westgem.shop\/fr\/wp-json\/wp\/v2\/media\/3674"}],"wp:attachment":[{"href":"https:\/\/westgem.shop\/fr\/wp-json\/wp\/v2\/media?parent=2557"}],"wp:term":[{"taxonomy":"region","embeddable":true,"href":"https:\/\/westgem.shop\/fr\/wp-json\/wp\/v2\/region?post=2557"},{"taxonomy":"product_brand","embeddable":true,"href":"https:\/\/westgem.shop\/fr\/wp-json\/wp\/v2\/product_brand?post=2557"},{"taxonomy":"product_cat","embeddable":true,"href":"https:\/\/westgem.shop\/fr\/wp-json\/wp\/v2\/product_cat?post=2557"},{"taxonomy":"product_tag","embeddable":true,"href":"https:\/\/westgem.shop\/fr\/wp-json\/wp\/v2\/product_tag?post=2557"}],"curies":[{"name":"wp","href":"https:\/\/api.w.org\/{rel}","templated":true}]}}