{"id":2559,"date":"2001-06-04T00:00:00","date_gmt":"2001-06-04T00:00:00","guid":{"rendered":"https:\/\/miners.rocks\/product\/hessonit-xx-koralpe\/"},"modified":"2020-05-19T16:59:34","modified_gmt":"2020-05-19T16:59:34","slug":"hessonite-xx-coralpe","status":"publish","type":"product","link":"https:\/\/westgem.shop\/fr\/produit\/hessonite-xx-coralpe\/","title":{"rendered":"HESSONITE xx - CORALPE"},"content":{"rendered":"<p>Une riche diversit\u00e9 de min\u00e9raux est attest\u00e9e dans les vieux cristaux de Koralpe et de Saualpe en Carinthie orientale. Les GRANATES D'HESSONITE ne sont toutefois pr\u00e9sents que dans un petit nombre de gisements.<\/p>\n<p>Sur la WEINEBENE, o\u00f9 une soci\u00e9t\u00e9 mini\u00e8re australienne ouvrira dans les prochaines ann\u00e9es une nouvelle \u00e8re dans l'industrie mini\u00e8re de Carinthie et exploitera le plus grand gisement de LITHIUM d'Europe. Selon les rapports, environ 18 millions de tonnes de ce m\u00e9tal convoit\u00e9 sont stock\u00e9es dans un grand gisement de SPODUMEN.<\/p>\n<p>C'est ici, ainsi qu'\u00e0 l'OCHSENRIEGEL voisin, que l'on peut trouver des GRANATES D'HESSONITE. Creuser, tailler de grosses pierres, en \u00e9t\u00e9 sous des m\u00e8tres d'orties - c'est un peu pour les \"fous\". Malheureusement, la zone est d\u00e9j\u00e0 tr\u00e8s explor\u00e9e et les r\u00e9sultats positifs sont plut\u00f4t l'exception.<\/p>\n<p>Poids : 510 g Dimensions : 12 x 10 x 4 cm xx \u00e0 0,5 cm<\/p>","protected":false},"excerpt":{"rendered":"<p>Une riche diversit\u00e9 de min\u00e9raux est attest\u00e9e dans les vieux cristaux de Koralpe et de Saualpe en Carinthie orientale. Les GRANATES D'HESSONITE ne se trouvent toutefois que sur un site tr\u00e8s restreint. Sur la WEINEBENE, o\u00f9 une soci\u00e9t\u00e9 mini\u00e8re australienne va ouvrir une nouvelle \u00e8re dans l'industrie mini\u00e8re de Carinthie et exploiter le plus grand gisement de LITHIUM d'Europe dans les prochaines ann\u00e9es. C'est l\u00e0 que se trouvent, selon [...]<\/p>","protected":false},"featured_media":3680,"template":"","meta":{"_acf_changed":false},"region":[],"product_brand":[],"product_cat":[15],"product_tag":[],"class_list":{"0":"post-2559","1":"product","2":"type-product","3":"status-publish","4":"has-post-thumbnail","6":"product_cat-mineralien","8":"first","9":"outofstock","10":"sold-individually","11":"product-type-simple"},"acf":[],"_links":{"self":[{"href":"https:\/\/westgem.shop\/fr\/wp-json\/wp\/v2\/product\/2559","targetHints":{"allow":["GET"]}}],"collection":[{"href":"https:\/\/westgem.shop\/fr\/wp-json\/wp\/v2\/product"}],"about":[{"href":"https:\/\/westgem.shop\/fr\/wp-json\/wp\/v2\/types\/product"}],"wp:featuredmedia":[{"embeddable":true,"href":"https:\/\/westgem.shop\/fr\/wp-json\/wp\/v2\/media\/3680"}],"wp:attachment":[{"href":"https:\/\/westgem.shop\/fr\/wp-json\/wp\/v2\/media?parent=2559"}],"wp:term":[{"taxonomy":"region","embeddable":true,"href":"https:\/\/westgem.shop\/fr\/wp-json\/wp\/v2\/region?post=2559"},{"taxonomy":"product_brand","embeddable":true,"href":"https:\/\/westgem.shop\/fr\/wp-json\/wp\/v2\/product_brand?post=2559"},{"taxonomy":"product_cat","embeddable":true,"href":"https:\/\/westgem.shop\/fr\/wp-json\/wp\/v2\/product_cat?post=2559"},{"taxonomy":"product_tag","embeddable":true,"href":"https:\/\/westgem.shop\/fr\/wp-json\/wp\/v2\/product_tag?post=2559"}],"curies":[{"name":"wp","href":"https:\/\/api.w.org\/{rel}","templated":true}]}}