{"id":2560,"date":"2001-06-05T00:00:00","date_gmt":"2001-06-05T00:00:00","guid":{"rendered":"https:\/\/miners.rocks\/product\/variscit-utahlith\/"},"modified":"2020-05-19T16:59:34","modified_gmt":"2020-05-19T16:59:34","slug":"variscit-utahlith","status":"publish","type":"product","link":"https:\/\/westgem.shop\/fr\/produit\/variscit-utahlith\/","title":{"rendered":"VARISCIT - UTAHLITH"},"content":{"rendered":"<p>Pr\u00e9sence en tant que remplissage de cavit\u00e9s de roches riches en aluminium.<\/p>\n<p>Aux \u00c9tats-Unis, la VARISCITE est \u00e9galement appel\u00e9e \"UTAH T\u00dcRKIS\". Les parties polies sont utilis\u00e9es comme bijoux ou par exemple comme boucles de ceinture... etc.<\/p>\n<p>Brillance de la cire - donne l'impression d'\u00eatre gras.<\/p>\n<p>Pas tr\u00e8s fr\u00e9quent chez nous en EUROPE !<\/p>\n<p>Lieu de d\u00e9couverte : Light Claim - Lontree - UTAH - USA<\/p>\n<p>Poids de cette pi\u00e8ce, avec VARISCITE ADERN abondante dans la roche :<u> 1,10 kilogramme<\/u><\/p>\n<p>Dimensions : 10 x 10 x 8 cm L'image 4 est la base coup\u00e9e.<\/p>","protected":false},"excerpt":{"rendered":"<p>Pr\u00e9sente en tant que remplissage de cavit\u00e9s de roches riches en aluminium. Aux \u00c9tats-Unis, la VARISCITE est \u00e9galement appel\u00e9e \"UTAH T\u00fcRKIS\". Les parties polies sont utilis\u00e9es comme bijoux ou par exemple comme boucles de ceinture... etc. Brillance de la cire - au toucher, c'est un peu gras. On ne le voit pas souvent en Europe ! Lieu de d\u00e9couverte : Light Claim - Lontree - UTAH - USA Poids de cette [...].<\/p>","protected":false},"featured_media":3683,"template":"","meta":{"_acf_changed":false},"region":[],"product_brand":[],"product_cat":[15],"product_tag":[],"class_list":{"0":"post-2560","1":"product","2":"type-product","3":"status-publish","4":"has-post-thumbnail","6":"product_cat-mineralien","8":"first","9":"outofstock","10":"sold-individually","11":"product-type-simple"},"acf":[],"_links":{"self":[{"href":"https:\/\/westgem.shop\/fr\/wp-json\/wp\/v2\/product\/2560","targetHints":{"allow":["GET"]}}],"collection":[{"href":"https:\/\/westgem.shop\/fr\/wp-json\/wp\/v2\/product"}],"about":[{"href":"https:\/\/westgem.shop\/fr\/wp-json\/wp\/v2\/types\/product"}],"wp:featuredmedia":[{"embeddable":true,"href":"https:\/\/westgem.shop\/fr\/wp-json\/wp\/v2\/media\/3683"}],"wp:attachment":[{"href":"https:\/\/westgem.shop\/fr\/wp-json\/wp\/v2\/media?parent=2560"}],"wp:term":[{"taxonomy":"region","embeddable":true,"href":"https:\/\/westgem.shop\/fr\/wp-json\/wp\/v2\/region?post=2560"},{"taxonomy":"product_brand","embeddable":true,"href":"https:\/\/westgem.shop\/fr\/wp-json\/wp\/v2\/product_brand?post=2560"},{"taxonomy":"product_cat","embeddable":true,"href":"https:\/\/westgem.shop\/fr\/wp-json\/wp\/v2\/product_cat?post=2560"},{"taxonomy":"product_tag","embeddable":true,"href":"https:\/\/westgem.shop\/fr\/wp-json\/wp\/v2\/product_tag?post=2560"}],"curies":[{"name":"wp","href":"https:\/\/api.w.org\/{rel}","templated":true}]}}