{"id":2564,"date":"2001-06-09T00:00:00","date_gmt":"2001-06-09T00:00:00","guid":{"rendered":"https:\/\/miners.rocks\/product\/tigereisen-ueber-2-milliarden-jahre-alt\/"},"modified":"2020-05-19T16:59:36","modified_gmt":"2020-05-19T16:59:36","slug":"le-voyage-du-tigre-a-plus-de-2-milliards-dannees","status":"publish","type":"product","link":"https:\/\/westgem.shop\/fr\/produit\/le-voyage-du-tigre-a-plus-de-2-milliards-dannees\/","title":{"rendered":"Le fer du tigre - Plus de 2 MILLIARDS D'ANN\u00c9ES"},"content":{"rendered":"<p>Le fer tigr\u00e9 est un assemblage par couches de -<\/p>\n<p>jaspe rouge\/brun, \u0153il de tigre et magn\u00e9tite.<\/p>\n<p>Le fer du tigre AUSTRALIEN provient de tr\u00e8s anciens gisements qui se sont form\u00e9s il y a environ <u>2,5 MILLIARDS D'ANN\u00c9ES<\/u>  ont \u00e9t\u00e9 form\u00e9s.<\/p>\n<p>localisation de la trouvaille : Ord 'Ranges - Port Hedland - Western AUSTRALIA<\/p>\n<p>Cette pi\u00e8ce d\u00e9corative de premi\u00e8re qualit\u00e9 est polie et polie \u00e0 la main sur tout son pourtour.<\/p>\n<p>Poids : 280 g Dimensions : 7,5 x 5,5 x 3,5 cm<\/p>","protected":false},"excerpt":{"rendered":"<p>Le fer tigr\u00e9 est un assemblage en couches de - jaspe rouge\/brun, d'\u0153il de tigre et de magn\u00e9tite. Les fers de tigre AUSTRALIENS proviennent de tr\u00e8s anciens gisements qui se sont form\u00e9s il y a environ 2,5 MILLIARDS D'ANS. Lieu de d\u00e9couverte : Ord 'Ranges - Port Hedland - Western AUSTRALIA Cette pi\u00e8ce d\u00e9corative de premi\u00e8re qualit\u00e9 est taill\u00e9e et polie \u00e0 la main sur tous les c\u00f4t\u00e9s. Poids : 280 g Dimensions : 7,5 x 5,5 x [...].<\/p>","protected":false},"featured_media":3694,"template":"","meta":{"_acf_changed":false},"region":[],"product_brand":[],"product_cat":[15],"product_tag":[],"class_list":{"0":"post-2564","1":"product","2":"type-product","3":"status-publish","4":"has-post-thumbnail","6":"product_cat-mineralien","8":"first","9":"outofstock","10":"sold-individually","11":"product-type-simple"},"acf":[],"_links":{"self":[{"href":"https:\/\/westgem.shop\/fr\/wp-json\/wp\/v2\/product\/2564","targetHints":{"allow":["GET"]}}],"collection":[{"href":"https:\/\/westgem.shop\/fr\/wp-json\/wp\/v2\/product"}],"about":[{"href":"https:\/\/westgem.shop\/fr\/wp-json\/wp\/v2\/types\/product"}],"wp:featuredmedia":[{"embeddable":true,"href":"https:\/\/westgem.shop\/fr\/wp-json\/wp\/v2\/media\/3694"}],"wp:attachment":[{"href":"https:\/\/westgem.shop\/fr\/wp-json\/wp\/v2\/media?parent=2564"}],"wp:term":[{"taxonomy":"region","embeddable":true,"href":"https:\/\/westgem.shop\/fr\/wp-json\/wp\/v2\/region?post=2564"},{"taxonomy":"product_brand","embeddable":true,"href":"https:\/\/westgem.shop\/fr\/wp-json\/wp\/v2\/product_brand?post=2564"},{"taxonomy":"product_cat","embeddable":true,"href":"https:\/\/westgem.shop\/fr\/wp-json\/wp\/v2\/product_cat?post=2564"},{"taxonomy":"product_tag","embeddable":true,"href":"https:\/\/westgem.shop\/fr\/wp-json\/wp\/v2\/product_tag?post=2564"}],"curies":[{"name":"wp","href":"https:\/\/api.w.org\/{rel}","templated":true}]}}