{"id":2565,"date":"2001-06-10T00:00:00","date_gmt":"2001-06-10T00:00:00","guid":{"rendered":"https:\/\/miners.rocks\/product\/hessonit-xx-ochsenriegel-kaernten\/"},"modified":"2020-05-19T16:59:36","modified_gmt":"2020-05-19T16:59:36","slug":"hessonite-xx-ochsenriegel-kaernten","status":"publish","type":"product","link":"https:\/\/westgem.shop\/fr\/produit\/hessonite-xx-ochsenriegel-kaernten\/","title":{"rendered":"HESSONITE xx - OCHSENRIEGEL\/Carinthie"},"content":{"rendered":"<p>\u00c9tape HESSONITE GRANAT de l'unique site sur le KORALPE - Carinthie.<\/p>\n<p>Il est rare de trouver des cristaux de cette taille. Les GRANATES D'HESSONITE ne se trouvent que de mani\u00e8re limit\u00e9e \u00e0 quelques endroits sur la Koralpe et ceux-ci sont malheureusement totalement prospect\u00e9s.<\/p>\n<p>Cette pi\u00e8ce est \u00e9galement issue d'une ancienne d\u00e9couverte, avec un grand et plusieurs petits cristaux d'hessonite (en bijouterie, ces grenats color\u00e9s sont \u00e9galement appel\u00e9s \" GRANAT DE MANDARINE \").<\/p>\n<p>Poids : 195 g Dimensions : 7,5 x 6 x 4 cm<\/p>\n<p>La derni\u00e8re image montre l'arri\u00e8re .<\/p>","protected":false},"excerpt":{"rendered":"<p>\u00c9tape du GRANAT d'HESSONITE provenant de l'unique site du KORALPE - Carinthie. On ne trouve plus que rarement des cristaux de cette taille. Les GRANATES D'HESSONITE ne se trouvent qu'en quelques endroits limit\u00e9s sur la Koralpe, et ceux-ci sont malheureusement totalement d\u00e9pouill\u00e9s. Cette pi\u00e8ce est aussi issue d'une ancienne d\u00e9couverte, avec un grand et plusieurs petits [...].<\/p>","protected":false},"featured_media":3697,"template":"","meta":{"_acf_changed":false},"region":[],"product_brand":[],"product_cat":[15],"product_tag":[],"class_list":{"0":"post-2565","1":"product","2":"type-product","3":"status-publish","4":"has-post-thumbnail","6":"product_cat-mineralien","8":"first","9":"outofstock","10":"sold-individually","11":"product-type-simple"},"acf":[],"_links":{"self":[{"href":"https:\/\/westgem.shop\/fr\/wp-json\/wp\/v2\/product\/2565","targetHints":{"allow":["GET"]}}],"collection":[{"href":"https:\/\/westgem.shop\/fr\/wp-json\/wp\/v2\/product"}],"about":[{"href":"https:\/\/westgem.shop\/fr\/wp-json\/wp\/v2\/types\/product"}],"wp:featuredmedia":[{"embeddable":true,"href":"https:\/\/westgem.shop\/fr\/wp-json\/wp\/v2\/media\/3697"}],"wp:attachment":[{"href":"https:\/\/westgem.shop\/fr\/wp-json\/wp\/v2\/media?parent=2565"}],"wp:term":[{"taxonomy":"region","embeddable":true,"href":"https:\/\/westgem.shop\/fr\/wp-json\/wp\/v2\/region?post=2565"},{"taxonomy":"product_brand","embeddable":true,"href":"https:\/\/westgem.shop\/fr\/wp-json\/wp\/v2\/product_brand?post=2565"},{"taxonomy":"product_cat","embeddable":true,"href":"https:\/\/westgem.shop\/fr\/wp-json\/wp\/v2\/product_cat?post=2565"},{"taxonomy":"product_tag","embeddable":true,"href":"https:\/\/westgem.shop\/fr\/wp-json\/wp\/v2\/product_tag?post=2565"}],"curies":[{"name":"wp","href":"https:\/\/api.w.org\/{rel}","templated":true}]}}