{"id":2567,"date":"2001-06-12T00:00:00","date_gmt":"2001-06-12T00:00:00","guid":{"rendered":"https:\/\/miners.rocks\/product\/labradorit-aa-kugel\/"},"modified":"2020-05-19T16:59:37","modified_gmt":"2020-05-19T16:59:37","slug":"labradorite-aa-boule","status":"publish","type":"product","link":"https:\/\/westgem.shop\/fr\/produit\/labradorite-aa-boule\/","title":{"rendered":"LABRADORITE AA - BOULE"},"content":{"rendered":"<p>Superbe jeu de couleurs fascinant sur une sph\u00e8re taill\u00e9e et polie \u00e0 la main<\/p>\n<p>.<\/p>\n<p>Le min\u00e9ral LABRADORITE - dont le nom provient du premier site de d\u00e9couverte - la p\u00e9ninsule de LABRADOR - au Canada - pr\u00e9sente sur les bons sp\u00e9cimens un superbe jeu de couleurs, appel\u00e9 \"labradorisation\". Comme pour l'\"opalisation\" des OPALES, les couleurs pr\u00e9sent\u00e9es ne sont en fait que des effets de la r\u00e9fraction de la lumi\u00e8re, c'est-\u00e0-dire des couleurs d'interf\u00e9rence. La lumi\u00e8re se r\u00e9fracte sur des lamelles jumelles de s\u00e9gr\u00e9gation submicroscopiques dans le FELDSPAT de Plagioclas.<\/p>\n<p>Le premier \u00e0 l'avoir d\u00e9couvert en 1770 \u00e9tait le p\u00e8re Adolf, un missionnaire tch\u00e8que.<\/p>\n<p>Les LABRADORITES de plusieurs couleurs sont \u00e9galement commercialis\u00e9es sous le nom de SPECTROLITH. Actuellement, les LABRADORITES de premi\u00e8re qualit\u00e9 proviennent principalement de Finlande, du Canada et de Madagascar.<\/p>\n<p>Le lieu de d\u00e9couverte de la mati\u00e8re premi\u00e8re pour cette superbe DEKO KUGEL :<\/p>\n<p>Ampandrandrava - Bekily - Madagascar<\/p>\n<p>Un support de boule PLEXI est inclus GRATUITEMENT. Poids : 759 g ( 3\/4 kilogrammes)<\/p>\n<p>  Diam\u00e8tre de la bille :<u>  9 cm<\/u>  Tout autour, selon l'incidence de la lumi\u00e8re, un merveilleux jeu de couleurs !  SUPER PRIX D'IMPORTATION DIRECTE !<\/p>","protected":false},"excerpt":{"rendered":"<p>Superbe et fascinant jeu de couleurs sur une sph\u00e8re polie et taill\u00e9e \u00e0 la main. Le min\u00e9ral LABRADORITE - dont le nom provient du lieu de sa premi\u00e8re d\u00e9couverte - la p\u00e9ninsule de LABRADOR - au Canada - pr\u00e9sente sur les bonnes pi\u00e8ces un superbe jeu de couleurs, appel\u00e9 \"labradorisation\". Comme pour les OPALES, les couleurs pr\u00e9sent\u00e9es ne sont en fait que des effets de la r\u00e9fraction de la lumi\u00e8re, c'est-\u00e0-dire des couleurs d'interf\u00e9rence. [...]<\/p>","protected":false},"featured_media":3704,"template":"","meta":{"_acf_changed":false},"region":[],"product_brand":[],"product_cat":[15],"product_tag":[],"class_list":{"0":"post-2567","1":"product","2":"type-product","3":"status-publish","4":"has-post-thumbnail","6":"product_cat-mineralien","8":"first","9":"outofstock","10":"sold-individually","11":"product-type-simple"},"acf":[],"_links":{"self":[{"href":"https:\/\/westgem.shop\/fr\/wp-json\/wp\/v2\/product\/2567","targetHints":{"allow":["GET"]}}],"collection":[{"href":"https:\/\/westgem.shop\/fr\/wp-json\/wp\/v2\/product"}],"about":[{"href":"https:\/\/westgem.shop\/fr\/wp-json\/wp\/v2\/types\/product"}],"wp:featuredmedia":[{"embeddable":true,"href":"https:\/\/westgem.shop\/fr\/wp-json\/wp\/v2\/media\/3704"}],"wp:attachment":[{"href":"https:\/\/westgem.shop\/fr\/wp-json\/wp\/v2\/media?parent=2567"}],"wp:term":[{"taxonomy":"region","embeddable":true,"href":"https:\/\/westgem.shop\/fr\/wp-json\/wp\/v2\/region?post=2567"},{"taxonomy":"product_brand","embeddable":true,"href":"https:\/\/westgem.shop\/fr\/wp-json\/wp\/v2\/product_brand?post=2567"},{"taxonomy":"product_cat","embeddable":true,"href":"https:\/\/westgem.shop\/fr\/wp-json\/wp\/v2\/product_cat?post=2567"},{"taxonomy":"product_tag","embeddable":true,"href":"https:\/\/westgem.shop\/fr\/wp-json\/wp\/v2\/product_tag?post=2567"}],"curies":[{"name":"wp","href":"https:\/\/api.w.org\/{rel}","templated":true}]}}