{"id":2568,"date":"2001-06-13T00:00:00","date_gmt":"2001-06-13T00:00:00","guid":{"rendered":"https:\/\/miners.rocks\/product\/nautilus-cymatoceras-100-millionen-jahre-alt\/"},"modified":"2020-05-19T16:59:38","modified_gmt":"2020-05-19T16:59:38","slug":"nautilus-cymatoceras-100-millions-dannees","status":"publish","type":"product","link":"https:\/\/westgem.shop\/fr\/produit\/nautilus-cymatoceras-100-millions-dannees\/","title":{"rendered":"NAUTILUS Cymatoceras - 100 millions d'ann\u00e9es"},"content":{"rendered":"<p><u>NAUTILUS CYMATOCERAS -<\/u>  environ 100 millions d'ann\u00e9es<\/p>\n<p>\u00c2ge de la Terre : Cr\u00e9tac\u00e9 inf\u00e9rieur<\/p>\n<p>Les chambres du bo\u00eetier sont remplies de CALCIT.<\/p>\n<p><u>BEAUCOUP PLUS RARE QUE LES AMMONITES !<\/u><\/p>\n<p>localisation de la trouvaille : Mitsinjo - Mahajunga - Madagascar<\/p>\n<p>Poids : 280 g Dimensions : 8 x 7 x 5 cm<\/p>","protected":false},"excerpt":{"rendered":"<p>NAUTILUS CYMATOCERAS - environ 100 millions d'ann\u00e9es. \u00c2ge g\u00e9ologique : Cr\u00e9tac\u00e9 inf\u00e9rieur Les chambres de la coquille sont remplies de CALCITE. BEAUCOUP PLUS RARE QUE LES AMMONITES ! Lieu de d\u00e9couverte : Mitsinjo - Mahajunga - Madagascar Poids : 280 g Dimensions : 8 x 7 x 5 cm<\/p>","protected":false},"featured_media":3709,"template":"","meta":{"_acf_changed":false},"region":[],"product_brand":[],"product_cat":[15],"product_tag":[],"class_list":{"0":"post-2568","1":"product","2":"type-product","3":"status-publish","4":"has-post-thumbnail","6":"product_cat-mineralien","8":"first","9":"outofstock","10":"sold-individually","11":"product-type-simple"},"acf":[],"_links":{"self":[{"href":"https:\/\/westgem.shop\/fr\/wp-json\/wp\/v2\/product\/2568","targetHints":{"allow":["GET"]}}],"collection":[{"href":"https:\/\/westgem.shop\/fr\/wp-json\/wp\/v2\/product"}],"about":[{"href":"https:\/\/westgem.shop\/fr\/wp-json\/wp\/v2\/types\/product"}],"wp:featuredmedia":[{"embeddable":true,"href":"https:\/\/westgem.shop\/fr\/wp-json\/wp\/v2\/media\/3709"}],"wp:attachment":[{"href":"https:\/\/westgem.shop\/fr\/wp-json\/wp\/v2\/media?parent=2568"}],"wp:term":[{"taxonomy":"region","embeddable":true,"href":"https:\/\/westgem.shop\/fr\/wp-json\/wp\/v2\/region?post=2568"},{"taxonomy":"product_brand","embeddable":true,"href":"https:\/\/westgem.shop\/fr\/wp-json\/wp\/v2\/product_brand?post=2568"},{"taxonomy":"product_cat","embeddable":true,"href":"https:\/\/westgem.shop\/fr\/wp-json\/wp\/v2\/product_cat?post=2568"},{"taxonomy":"product_tag","embeddable":true,"href":"https:\/\/westgem.shop\/fr\/wp-json\/wp\/v2\/product_tag?post=2568"}],"curies":[{"name":"wp","href":"https:\/\/api.w.org\/{rel}","templated":true}]}}