{"id":2569,"date":"2001-06-14T00:00:00","date_gmt":"2001-06-14T00:00:00","guid":{"rendered":"https:\/\/miners.rocks\/product\/seltener-nautilus-madagaskar\/"},"modified":"2020-05-19T16:59:39","modified_gmt":"2020-05-19T16:59:39","slug":"nautile-rare-malgache","status":"publish","type":"product","link":"https:\/\/westgem.shop\/fr\/produit\/nautile-rare-malgache\/","title":{"rendered":"Rare NAUTILUS Madagascar"},"content":{"rendered":"<p>Beaucoup plus rare que les AMMONITES, le secteur des FOSSILES pr\u00e9sente un<\/p>\n<p><u>NAUTILUS <\/u>de la r\u00e9gion. Age de la Terre : Cr\u00e9tac\u00e9 inf\u00e9rieur - il y a environ 100 millions d'ann\u00e9es<\/p>\n<p>Les chambres du bo\u00eetier sont remplies de CALCIT.<\/p>\n<p>MITSINJO - MAHAJUNGA - Madagascar<\/p>\n<p>Poids : 210 g Dimensions : 8 x 6 x 4,5 cm<\/p>","protected":false},"excerpt":{"rendered":"<p>Beaucoup plus rare que les AMMONITES, on trouve un NAUTILUS dans le secteur des FOSSILES. Age de la terre : Cr\u00e9tac\u00e9 inf\u00e9rieur - il y a environ 100 millions d'ann\u00e9es Les chambres du bo\u00eetier sont remplies de CALCITE. MITSINJO - MAHAJUNGA - Madagascar Poids : 210 g Dimensions : 8 x 6 x 4,5 cm<\/p>","protected":false},"featured_media":3712,"template":"","meta":{"_acf_changed":false},"region":[],"product_brand":[],"product_cat":[15],"product_tag":[],"class_list":{"0":"post-2569","1":"product","2":"type-product","3":"status-publish","4":"has-post-thumbnail","6":"product_cat-mineralien","8":"first","9":"outofstock","10":"sold-individually","11":"product-type-simple"},"acf":[],"_links":{"self":[{"href":"https:\/\/westgem.shop\/fr\/wp-json\/wp\/v2\/product\/2569","targetHints":{"allow":["GET"]}}],"collection":[{"href":"https:\/\/westgem.shop\/fr\/wp-json\/wp\/v2\/product"}],"about":[{"href":"https:\/\/westgem.shop\/fr\/wp-json\/wp\/v2\/types\/product"}],"wp:featuredmedia":[{"embeddable":true,"href":"https:\/\/westgem.shop\/fr\/wp-json\/wp\/v2\/media\/3712"}],"wp:attachment":[{"href":"https:\/\/westgem.shop\/fr\/wp-json\/wp\/v2\/media?parent=2569"}],"wp:term":[{"taxonomy":"region","embeddable":true,"href":"https:\/\/westgem.shop\/fr\/wp-json\/wp\/v2\/region?post=2569"},{"taxonomy":"product_brand","embeddable":true,"href":"https:\/\/westgem.shop\/fr\/wp-json\/wp\/v2\/product_brand?post=2569"},{"taxonomy":"product_cat","embeddable":true,"href":"https:\/\/westgem.shop\/fr\/wp-json\/wp\/v2\/product_cat?post=2569"},{"taxonomy":"product_tag","embeddable":true,"href":"https:\/\/westgem.shop\/fr\/wp-json\/wp\/v2\/product_tag?post=2569"}],"curies":[{"name":"wp","href":"https:\/\/api.w.org\/{rel}","templated":true}]}}