{"id":2570,"date":"2001-06-15T00:00:00","date_gmt":"2001-06-15T00:00:00","guid":{"rendered":"https:\/\/miners.rocks\/product\/versteinerter-baumfarn-5\/"},"modified":"2020-05-19T16:59:40","modified_gmt":"2020-05-19T16:59:40","slug":"fougere-arborescente-petrifiee-5","status":"publish","type":"product","link":"https:\/\/westgem.shop\/fr\/produit\/fougere-arborescente-petrifiee-5\/","title":{"rendered":"FOUG\u00c8RE ARBORESCENTE P\u00c9TRIFI\u00c9E"},"content":{"rendered":"<p>TITEA SINGULARIS - pi\u00e8ce avec \u00e9corce pr\u00e9serv\u00e9e sur tout le pourtour ! RARIT\u00c9S !<\/p>\n<p><u>Description d\u00e9taill\u00e9e de l'ampli, COULEURS D'ARBRE \u00e0 l'art. VH003<\/u><\/p>\n<p>Poids : 680m g Dimensions : Disque \u00e0 grume Diam\u00e8tre : 15 cm \u00c9paisseur : 2 cm<\/p>","protected":false},"excerpt":{"rendered":"<p>TITEA SINGULARIS - pi\u00e8ce avec \u00e9corce pr\u00e9serv\u00e9e sur tout le pourtour ! RARIT\u00c9S ! Description d\u00e9taill\u00e9e de l'Verst, BAUMFARNE \u00e0 l'art. VH003 Poids : 680m g Dimensions : Diam\u00e8tre du disque : 15 cm \u00c9paisseur : 2 cm<\/p>","protected":false},"featured_media":3715,"template":"","meta":{"_acf_changed":false},"region":[],"product_brand":[],"product_cat":[15],"product_tag":[],"class_list":{"0":"post-2570","1":"product","2":"type-product","3":"status-publish","4":"has-post-thumbnail","6":"product_cat-mineralien","8":"first","9":"outofstock","10":"sold-individually","11":"product-type-simple"},"acf":[],"_links":{"self":[{"href":"https:\/\/westgem.shop\/fr\/wp-json\/wp\/v2\/product\/2570","targetHints":{"allow":["GET"]}}],"collection":[{"href":"https:\/\/westgem.shop\/fr\/wp-json\/wp\/v2\/product"}],"about":[{"href":"https:\/\/westgem.shop\/fr\/wp-json\/wp\/v2\/types\/product"}],"wp:featuredmedia":[{"embeddable":true,"href":"https:\/\/westgem.shop\/fr\/wp-json\/wp\/v2\/media\/3715"}],"wp:attachment":[{"href":"https:\/\/westgem.shop\/fr\/wp-json\/wp\/v2\/media?parent=2570"}],"wp:term":[{"taxonomy":"region","embeddable":true,"href":"https:\/\/westgem.shop\/fr\/wp-json\/wp\/v2\/region?post=2570"},{"taxonomy":"product_brand","embeddable":true,"href":"https:\/\/westgem.shop\/fr\/wp-json\/wp\/v2\/product_brand?post=2570"},{"taxonomy":"product_cat","embeddable":true,"href":"https:\/\/westgem.shop\/fr\/wp-json\/wp\/v2\/product_cat?post=2570"},{"taxonomy":"product_tag","embeddable":true,"href":"https:\/\/westgem.shop\/fr\/wp-json\/wp\/v2\/product_tag?post=2570"}],"curies":[{"name":"wp","href":"https:\/\/api.w.org\/{rel}","templated":true}]}}