{"id":2571,"date":"2001-06-16T00:00:00","date_gmt":"2001-06-16T00:00:00","guid":{"rendered":"https:\/\/miners.rocks\/product\/versteinertes-holz-araukarie\/"},"modified":"2020-05-19T16:59:40","modified_gmt":"2020-05-19T16:59:40","slug":"bois-petrifie-araucaria","status":"publish","type":"product","link":"https:\/\/westgem.shop\/fr\/produit\/bois-petrifie-araucaria\/","title":{"rendered":"BOIS P\u00c9TRIFI\u00c9 - ARAUCARIA"},"content":{"rendered":"<p>Tr\u00e8s beau BOIS STRUCTURE avec des structures int\u00e9ressantes.<\/p>\n<p>Polie des deux c\u00f4t\u00e9s avec \u00e9corce compl\u00e8te. ARAUCARIE - environ 100 millions d'ann\u00e9es.<\/p>\n<p>Le lieu de d\u00e9couverte des bois p\u00e9trifi\u00e9s \u00e0 Madagascar est la vall\u00e9e de Manando.<\/p>\n<p>Poids : 910 g (0,9 Kg.) Dimensions : 20 x 11 x 3 cm<\/p>","protected":false},"excerpt":{"rendered":"<p>Tr\u00e8s beau BOIS SILV\u00c9R\u00c9 avec des structures int\u00e9ressantes. Polie des deux c\u00f4t\u00e9s avec \u00e9corce compl\u00e8te. ARAUCARIE - datant d'environ 100 millions d'ann\u00e9es. Le lieu de d\u00e9couverte des bois p\u00e9trifi\u00e9s \u00e0 Madagascar est la VALL\u00c9E DE MANANDO Poids : 910 g (0,9 Kg.) Dimensions : 20 x 11 x 3 cm<\/p>","protected":false},"featured_media":3719,"template":"","meta":{"_acf_changed":false},"region":[],"product_brand":[],"product_cat":[15],"product_tag":[],"class_list":{"0":"post-2571","1":"product","2":"type-product","3":"status-publish","4":"has-post-thumbnail","6":"product_cat-mineralien","8":"first","9":"outofstock","10":"sold-individually","11":"product-type-simple"},"acf":[],"_links":{"self":[{"href":"https:\/\/westgem.shop\/fr\/wp-json\/wp\/v2\/product\/2571","targetHints":{"allow":["GET"]}}],"collection":[{"href":"https:\/\/westgem.shop\/fr\/wp-json\/wp\/v2\/product"}],"about":[{"href":"https:\/\/westgem.shop\/fr\/wp-json\/wp\/v2\/types\/product"}],"wp:featuredmedia":[{"embeddable":true,"href":"https:\/\/westgem.shop\/fr\/wp-json\/wp\/v2\/media\/3719"}],"wp:attachment":[{"href":"https:\/\/westgem.shop\/fr\/wp-json\/wp\/v2\/media?parent=2571"}],"wp:term":[{"taxonomy":"region","embeddable":true,"href":"https:\/\/westgem.shop\/fr\/wp-json\/wp\/v2\/region?post=2571"},{"taxonomy":"product_brand","embeddable":true,"href":"https:\/\/westgem.shop\/fr\/wp-json\/wp\/v2\/product_brand?post=2571"},{"taxonomy":"product_cat","embeddable":true,"href":"https:\/\/westgem.shop\/fr\/wp-json\/wp\/v2\/product_cat?post=2571"},{"taxonomy":"product_tag","embeddable":true,"href":"https:\/\/westgem.shop\/fr\/wp-json\/wp\/v2\/product_tag?post=2571"}],"curies":[{"name":"wp","href":"https:\/\/api.w.org\/{rel}","templated":true}]}}