{"id":2572,"date":"2001-06-17T00:00:00","date_gmt":"2001-06-17T00:00:00","guid":{"rendered":"https:\/\/miners.rocks\/product\/verst-holz-madagaskar\/"},"modified":"2020-05-19T16:59:41","modified_gmt":"2020-05-19T16:59:41","slug":"verst-bois-madagascar","status":"publish","type":"product","link":"https:\/\/westgem.shop\/fr\/produit\/verst-bois-madagascar\/","title":{"rendered":"Verst. BOIS - Madagascar"},"content":{"rendered":"<p>ARAUCARIE fossilis\u00e9e - disque de tronc - \u00e9corce compl\u00e8te - polie d'un c\u00f4t\u00e9 .<\/p>\n<p>\u00c2ge : environ 100 millions d'ann\u00e9es<\/p>\n<p>Poids : 500 g Dim : 16 x 11 x 1,5 cm<\/p>\n<p><u>PRIX SPECIAL !<\/u><\/p>","protected":false},"excerpt":{"rendered":"<p>ARAUCARIE fossilis\u00e9e - disque de tronc - \u00e9corce compl\u00e8te - polie sur une face . \u00c2ge : env. 100 millions d'ann\u00e9es Poids : 500 g Dim : 16 x 11 x 1,5 cm PRIX SPECIAL !<\/p>","protected":false},"featured_media":3723,"template":"","meta":{"_acf_changed":false},"region":[],"product_brand":[],"product_cat":[15],"product_tag":[],"class_list":{"0":"post-2572","1":"product","2":"type-product","3":"status-publish","4":"has-post-thumbnail","6":"product_cat-mineralien","8":"first","9":"outofstock","10":"sold-individually","11":"product-type-simple"},"acf":[],"_links":{"self":[{"href":"https:\/\/westgem.shop\/fr\/wp-json\/wp\/v2\/product\/2572","targetHints":{"allow":["GET"]}}],"collection":[{"href":"https:\/\/westgem.shop\/fr\/wp-json\/wp\/v2\/product"}],"about":[{"href":"https:\/\/westgem.shop\/fr\/wp-json\/wp\/v2\/types\/product"}],"wp:featuredmedia":[{"embeddable":true,"href":"https:\/\/westgem.shop\/fr\/wp-json\/wp\/v2\/media\/3723"}],"wp:attachment":[{"href":"https:\/\/westgem.shop\/fr\/wp-json\/wp\/v2\/media?parent=2572"}],"wp:term":[{"taxonomy":"region","embeddable":true,"href":"https:\/\/westgem.shop\/fr\/wp-json\/wp\/v2\/region?post=2572"},{"taxonomy":"product_brand","embeddable":true,"href":"https:\/\/westgem.shop\/fr\/wp-json\/wp\/v2\/product_brand?post=2572"},{"taxonomy":"product_cat","embeddable":true,"href":"https:\/\/westgem.shop\/fr\/wp-json\/wp\/v2\/product_cat?post=2572"},{"taxonomy":"product_tag","embeddable":true,"href":"https:\/\/westgem.shop\/fr\/wp-json\/wp\/v2\/product_tag?post=2572"}],"curies":[{"name":"wp","href":"https:\/\/api.w.org\/{rel}","templated":true}]}}