{"id":2573,"date":"2001-06-18T00:00:00","date_gmt":"2001-06-18T00:00:00","guid":{"rendered":"https:\/\/miners.rocks\/product\/toller-uruguay-achat-querschnitt\/"},"modified":"2020-05-19T16:59:41","modified_gmt":"2020-05-19T16:59:41","slug":"superbe-coupe-transversale-uruguay-achat","status":"publish","type":"product","link":"https:\/\/westgem.shop\/fr\/produit\/superbe-coupe-transversale-uruguay-achat\/","title":{"rendered":"Superbe coupe transversale URUGUAY ACHAT"},"content":{"rendered":"<p>Magnifique coupe transversale URUGUAY ACHAT - polie des deux c\u00f4t\u00e9s. La cavit\u00e9 de l'ACHAT est recouverte de CRISTALES AMETHYSTES.<\/p>\n<p>L'ACHAT de couleur naturelle est GRIS-BLEU - mais en lumi\u00e8re transmise, il est JAUNE-BORANGE !<\/p>\n<p>Vous recevez gratuitement un support coulissant PLEXI.<\/p>\n<p>BECKER MINE - ARTIGAS - URUGUAY<\/p>\n<p>Poids : 300 g  <u>Dimensions : 15,5 x 14 x 1 cm<\/u><\/p>","protected":false},"excerpt":{"rendered":"<p>Magnifique coupe transversale URUGUAY ACHAT - polie des deux c\u00f4t\u00e9s. La cavit\u00e9 de l'ACHAT est recouverte de CRISTALES AMETHYSTES. L'ACHAT de couleur naturelle est GRIS-BLEU - mais en lumi\u00e8re transmise, il est JAUNE-BORANGE ! Vous recevrez gratuitement un support coulissant PLEXI. BECKER MINE - ARTIGAS - URUGUAY Poids : 300 g Dimensions : 15,5 x 14 x 1 cm<\/p>","protected":false},"featured_media":3726,"template":"","meta":{"_acf_changed":false},"region":[],"product_brand":[],"product_cat":[15],"product_tag":[],"class_list":{"0":"post-2573","1":"product","2":"type-product","3":"status-publish","4":"has-post-thumbnail","6":"product_cat-mineralien","8":"first","9":"outofstock","10":"sold-individually","11":"product-type-simple"},"acf":[],"_links":{"self":[{"href":"https:\/\/westgem.shop\/fr\/wp-json\/wp\/v2\/product\/2573","targetHints":{"allow":["GET"]}}],"collection":[{"href":"https:\/\/westgem.shop\/fr\/wp-json\/wp\/v2\/product"}],"about":[{"href":"https:\/\/westgem.shop\/fr\/wp-json\/wp\/v2\/types\/product"}],"wp:featuredmedia":[{"embeddable":true,"href":"https:\/\/westgem.shop\/fr\/wp-json\/wp\/v2\/media\/3726"}],"wp:attachment":[{"href":"https:\/\/westgem.shop\/fr\/wp-json\/wp\/v2\/media?parent=2573"}],"wp:term":[{"taxonomy":"region","embeddable":true,"href":"https:\/\/westgem.shop\/fr\/wp-json\/wp\/v2\/region?post=2573"},{"taxonomy":"product_brand","embeddable":true,"href":"https:\/\/westgem.shop\/fr\/wp-json\/wp\/v2\/product_brand?post=2573"},{"taxonomy":"product_cat","embeddable":true,"href":"https:\/\/westgem.shop\/fr\/wp-json\/wp\/v2\/product_cat?post=2573"},{"taxonomy":"product_tag","embeddable":true,"href":"https:\/\/westgem.shop\/fr\/wp-json\/wp\/v2\/product_tag?post=2573"}],"curies":[{"name":"wp","href":"https:\/\/api.w.org\/{rel}","templated":true}]}}