{"id":2574,"date":"2001-06-19T00:00:00","date_gmt":"2001-06-19T00:00:00","guid":{"rendered":"https:\/\/miners.rocks\/product\/labradorit-aa\/"},"modified":"2020-05-19T16:59:42","modified_gmt":"2020-05-19T16:59:42","slug":"labradorite-aa","status":"publish","type":"product","link":"https:\/\/westgem.shop\/fr\/produit\/labradorite-aa\/","title":{"rendered":"LABRADORIT AA"},"content":{"rendered":"<p>Superbe pi\u00e8ce de DECO pour un salon ou un bureau.<\/p>\n<p>FREEFORM LABRADORIT AA - polie sur toutes les faces avec surface d'appui.<\/p>\n<p>Couleurs d'interf\u00e9rence fascinantes - sur la surface iris\u00e9e, pleine page, avec les couleurs bleu-verd\u00e2tre, si vous tournez la pierre un peu hors de la source de lumi\u00e8re, vous ne voyez rien du tout, sauf le gris du FELDSPAT, tournez \u00e0 nouveau un peu et le \"LABRADORISE\" est \u00e0 nouveau pleinement pr\u00e9sent.<\/p>\n<p>C'est incroyable ce que la nature nous r\u00e9serve toujours comme possibilit\u00e9s fascinantes !<\/p>\n<p>Description exacte de la LABRADORITE sous l'art. DS090 LABRADORITE AA - BOULE .<\/p>\n<p>Poids : presque 1 kilogramme ( 920 g) Dimensions : 13 x 8 x 7 cm<\/p>\n<p>Le lieu de d\u00e9couverte de la mati\u00e8re premi\u00e8re est BEKILY - Madagascar<\/p>","protected":false},"excerpt":{"rendered":"<p>Superbe pi\u00e8ce de DECO pour une pi\u00e8ce \u00e0 vivre ou un bureau. FREEFORM LABRADORIT AA - polie sur toutes les faces avec surface d'appui. Couleurs d'interf\u00e9rence fascinantes - sur la surface iris\u00e9e, pleine face, avec les couleurs bleu-vert, si vous tournez la pierre un peu hors de la source de lumi\u00e8re, vous ne verrez rien du tout, sauf le gris du FELDSPAT, \u00e0 nouveau un peu tourn\u00e9 [...].<\/p>","protected":false},"featured_media":3729,"template":"","meta":{"_acf_changed":false},"region":[],"product_brand":[],"product_cat":[15],"product_tag":[],"class_list":{"0":"post-2574","1":"product","2":"type-product","3":"status-publish","4":"has-post-thumbnail","6":"product_cat-mineralien","8":"first","9":"outofstock","10":"sold-individually","11":"product-type-simple"},"acf":[],"_links":{"self":[{"href":"https:\/\/westgem.shop\/fr\/wp-json\/wp\/v2\/product\/2574","targetHints":{"allow":["GET"]}}],"collection":[{"href":"https:\/\/westgem.shop\/fr\/wp-json\/wp\/v2\/product"}],"about":[{"href":"https:\/\/westgem.shop\/fr\/wp-json\/wp\/v2\/types\/product"}],"wp:featuredmedia":[{"embeddable":true,"href":"https:\/\/westgem.shop\/fr\/wp-json\/wp\/v2\/media\/3729"}],"wp:attachment":[{"href":"https:\/\/westgem.shop\/fr\/wp-json\/wp\/v2\/media?parent=2574"}],"wp:term":[{"taxonomy":"region","embeddable":true,"href":"https:\/\/westgem.shop\/fr\/wp-json\/wp\/v2\/region?post=2574"},{"taxonomy":"product_brand","embeddable":true,"href":"https:\/\/westgem.shop\/fr\/wp-json\/wp\/v2\/product_brand?post=2574"},{"taxonomy":"product_cat","embeddable":true,"href":"https:\/\/westgem.shop\/fr\/wp-json\/wp\/v2\/product_cat?post=2574"},{"taxonomy":"product_tag","embeddable":true,"href":"https:\/\/westgem.shop\/fr\/wp-json\/wp\/v2\/product_tag?post=2574"}],"curies":[{"name":"wp","href":"https:\/\/api.w.org\/{rel}","templated":true}]}}