{"id":2579,"date":"2001-06-24T00:00:00","date_gmt":"2001-06-24T00:00:00","guid":{"rendered":"https:\/\/miners.rocks\/product\/falkenauge-roh-2\/"},"modified":"2020-05-19T16:59:45","modified_gmt":"2020-05-19T16:59:45","slug":"oeil-de-faucon-brut-2","status":"publish","type":"product","link":"https:\/\/westgem.shop\/fr\/produit\/oeil-de-faucon-brut-2\/","title":{"rendered":"\u0152il de faucon - ROH"},"content":{"rendered":"<p>Oeil de faucon = AGGREGATE de quartz \u00e0 fibres fines de couleur bleu-gris.<\/p>\n<p>Transformation partielle pseudomorphe d'un min\u00e9ral de l'amiante, entre autres la CROKYDOLITH, en quartz par conservation de la structure en b\u00e2tonnets.<\/p>\n<p>Pour les pierres taill\u00e9es, cela cr\u00e9e le fameux \"EFFET YEUX DE CHAT\".<\/p>\n<p>L'\u0153il de tigre, beaucoup plus connu, se forme \u00e0 partir de l'\u0153il de faucon par intercalation de LIMONITE = FER secondaire.<\/p>\n<p>Dans notre produit brut, on peut parfois reconna\u00eetre les deux vari\u00e9t\u00e9s, c'est-\u00e0-dire l'\u0153il de faucon et l'\u0153il de tigre.<\/p>\n<p>localisation de la trouvaille : Transvaal Supergroup - Bandet Iron Mine<\/p>\n<p>Northern Cape - Sud de l'AFRIQUE<\/p>\n<p>Poids : 0,83 kilogramme Dimensions : 10 x 8 x 6 cm<\/p>\n<p>Vous trouverez d'autres pi\u00e8ces de ce lot dans la cat\u00e9gorie : <u>MATI\u00c8RE PREMI\u00c8RE NATURE<\/u><\/p>","protected":false},"excerpt":{"rendered":"<p>Oeil de faucon = AGGREGATE de quartz \u00e0 fibres fines de couleur bleu-gris. Transformation pseudomorphe partielle d'un min\u00e9ral d'amiante, entre autres la CROKYDOLITE, en quartz par conservation de la structure en b\u00e2tonnets. Sur les pierres taill\u00e9es, il en r\u00e9sulte le fameux \"effet yeux de chat\". L'\u0153il de tigre, beaucoup plus connu, est obtenu \u00e0 partir de l'\u0153il de faucon par incorporation de LIMONITE = fer de deuxi\u00e8me qualit\u00e9. Dans nos mati\u00e8res premi\u00e8res, on trouve parfois les deux vari\u00e9t\u00e9s, c'est-\u00e0-dire l'\u0153il de faucon [...].<\/p>","protected":false},"featured_media":3744,"template":"","meta":{"_acf_changed":false},"region":[],"product_brand":[],"product_cat":[15],"product_tag":[],"class_list":{"0":"post-2579","1":"product","2":"type-product","3":"status-publish","4":"has-post-thumbnail","6":"product_cat-mineralien","8":"first","9":"outofstock","10":"sold-individually","11":"product-type-simple"},"acf":[],"_links":{"self":[{"href":"https:\/\/westgem.shop\/fr\/wp-json\/wp\/v2\/product\/2579","targetHints":{"allow":["GET"]}}],"collection":[{"href":"https:\/\/westgem.shop\/fr\/wp-json\/wp\/v2\/product"}],"about":[{"href":"https:\/\/westgem.shop\/fr\/wp-json\/wp\/v2\/types\/product"}],"wp:featuredmedia":[{"embeddable":true,"href":"https:\/\/westgem.shop\/fr\/wp-json\/wp\/v2\/media\/3744"}],"wp:attachment":[{"href":"https:\/\/westgem.shop\/fr\/wp-json\/wp\/v2\/media?parent=2579"}],"wp:term":[{"taxonomy":"region","embeddable":true,"href":"https:\/\/westgem.shop\/fr\/wp-json\/wp\/v2\/region?post=2579"},{"taxonomy":"product_brand","embeddable":true,"href":"https:\/\/westgem.shop\/fr\/wp-json\/wp\/v2\/product_brand?post=2579"},{"taxonomy":"product_cat","embeddable":true,"href":"https:\/\/westgem.shop\/fr\/wp-json\/wp\/v2\/product_cat?post=2579"},{"taxonomy":"product_tag","embeddable":true,"href":"https:\/\/westgem.shop\/fr\/wp-json\/wp\/v2\/product_tag?post=2579"}],"curies":[{"name":"wp","href":"https:\/\/api.w.org\/{rel}","templated":true}]}}