{"id":2580,"date":"2001-06-25T00:00:00","date_gmt":"2001-06-25T00:00:00","guid":{"rendered":"https:\/\/miners.rocks\/product\/falkenauge-roh-3\/"},"modified":"2020-05-19T16:59:45","modified_gmt":"2020-05-19T16:59:45","slug":"oeil-de-faucon-brut-3","status":"publish","type":"product","link":"https:\/\/westgem.shop\/fr\/produit\/oeil-de-faucon-brut-3\/","title":{"rendered":"\u0152il de faucon ROH"},"content":{"rendered":"<p>Grande pi\u00e8ce brute d'un tr\u00e8s beau FalkenaugeS.<\/p>\n<p><u>Description d\u00e9taill\u00e9e pour l'art. RO063<\/u><\/p>\n<p>Poids : 1,5 kilogramme Dimensions : 12 x 10 x 8 cm<\/p>\n<p>Mine de fer de Bandet - Northern Cape<\/p>\n<p>AFRIQUE DU SUD<\/p>","protected":false},"excerpt":{"rendered":"<p>Grande pi\u00e8ce brute d'un tr\u00e8s beau FalkenaugeS. Description d\u00e9taill\u00e9e sous l'art. RO063 Poids : 1,5 kilogramme Dimensions : 12 x 10 x 8 cm Mine de fer de Bandet - Northern Cape AFRIQUE DU SUD<\/p>","protected":false},"featured_media":3747,"template":"","meta":{"_acf_changed":false},"region":[],"product_brand":[],"product_cat":[15],"product_tag":[],"class_list":{"0":"post-2580","1":"product","2":"type-product","3":"status-publish","4":"has-post-thumbnail","6":"product_cat-mineralien","8":"first","9":"outofstock","10":"sold-individually","11":"product-type-simple"},"acf":[],"_links":{"self":[{"href":"https:\/\/westgem.shop\/fr\/wp-json\/wp\/v2\/product\/2580","targetHints":{"allow":["GET"]}}],"collection":[{"href":"https:\/\/westgem.shop\/fr\/wp-json\/wp\/v2\/product"}],"about":[{"href":"https:\/\/westgem.shop\/fr\/wp-json\/wp\/v2\/types\/product"}],"wp:featuredmedia":[{"embeddable":true,"href":"https:\/\/westgem.shop\/fr\/wp-json\/wp\/v2\/media\/3747"}],"wp:attachment":[{"href":"https:\/\/westgem.shop\/fr\/wp-json\/wp\/v2\/media?parent=2580"}],"wp:term":[{"taxonomy":"region","embeddable":true,"href":"https:\/\/westgem.shop\/fr\/wp-json\/wp\/v2\/region?post=2580"},{"taxonomy":"product_brand","embeddable":true,"href":"https:\/\/westgem.shop\/fr\/wp-json\/wp\/v2\/product_brand?post=2580"},{"taxonomy":"product_cat","embeddable":true,"href":"https:\/\/westgem.shop\/fr\/wp-json\/wp\/v2\/product_cat?post=2580"},{"taxonomy":"product_tag","embeddable":true,"href":"https:\/\/westgem.shop\/fr\/wp-json\/wp\/v2\/product_tag?post=2580"}],"curies":[{"name":"wp","href":"https:\/\/api.w.org\/{rel}","templated":true}]}}