{"id":2581,"date":"2001-06-26T00:00:00","date_gmt":"2001-06-26T00:00:00","guid":{"rendered":"https:\/\/miners.rocks\/product\/zeiringit-raritaet\/"},"modified":"2020-05-19T16:59:46","modified_gmt":"2020-05-19T16:59:46","slug":"zeiringit-rarete","status":"publish","type":"product","link":"https:\/\/westgem.shop\/fr\/produit\/zeiringit-rarete\/","title":{"rendered":"ZEIRINGITE - RARET\u00c9"},"content":{"rendered":"<p>Il n'est plus possible de se procurer des pi\u00e8ces de cette RARIT\u00c9 provenant de la localit\u00e9 type de l'ancienne mine d'argent d'Oberzeiring depuis longtemps.<\/p>\n<p>De temps en temps, quelques ZEIRINGITE apparaissent dans des liquidations de collections - ici une petite pi\u00e8ce, mais avec une bonne couleur.<\/p>\n<p>Oberzeiring - Styrie<\/p>\n<p>Poids : 15 g Dimensions : 3,5 x 2 x 2 cm<\/p>","protected":false},"excerpt":{"rendered":"<p>Il n'est plus possible de se procurer des pi\u00e8ces de cette RARIT\u00c9 provenant de la localit\u00e9 type de l'ancienne mine d'argent d'Oberzeiring depuis longtemps. De temps en temps, quelques ZEIRINGITE apparaissent lors de liquidations de collections - ici, une petite pi\u00e8ce, mais avec une bonne couleur. Oberzeiring - Styrie Poids : 15 g Dimensions : 3,5 x 2 x 2 cm<\/p>","protected":false},"featured_media":3750,"template":"","meta":{"_acf_changed":false},"region":[],"product_brand":[],"product_cat":[15],"product_tag":[],"class_list":{"0":"post-2581","1":"product","2":"type-product","3":"status-publish","4":"has-post-thumbnail","6":"product_cat-mineralien","8":"first","9":"outofstock","10":"sold-individually","11":"product-type-simple"},"acf":[],"_links":{"self":[{"href":"https:\/\/westgem.shop\/fr\/wp-json\/wp\/v2\/product\/2581","targetHints":{"allow":["GET"]}}],"collection":[{"href":"https:\/\/westgem.shop\/fr\/wp-json\/wp\/v2\/product"}],"about":[{"href":"https:\/\/westgem.shop\/fr\/wp-json\/wp\/v2\/types\/product"}],"wp:featuredmedia":[{"embeddable":true,"href":"https:\/\/westgem.shop\/fr\/wp-json\/wp\/v2\/media\/3750"}],"wp:attachment":[{"href":"https:\/\/westgem.shop\/fr\/wp-json\/wp\/v2\/media?parent=2581"}],"wp:term":[{"taxonomy":"region","embeddable":true,"href":"https:\/\/westgem.shop\/fr\/wp-json\/wp\/v2\/region?post=2581"},{"taxonomy":"product_brand","embeddable":true,"href":"https:\/\/westgem.shop\/fr\/wp-json\/wp\/v2\/product_brand?post=2581"},{"taxonomy":"product_cat","embeddable":true,"href":"https:\/\/westgem.shop\/fr\/wp-json\/wp\/v2\/product_cat?post=2581"},{"taxonomy":"product_tag","embeddable":true,"href":"https:\/\/westgem.shop\/fr\/wp-json\/wp\/v2\/product_tag?post=2581"}],"curies":[{"name":"wp","href":"https:\/\/api.w.org\/{rel}","templated":true}]}}