{"id":2582,"date":"2001-06-27T00:00:00","date_gmt":"2001-06-27T00:00:00","guid":{"rendered":"https:\/\/miners.rocks\/product\/aktinolith-garbenschiefer-niedere-tauern\/"},"modified":"2020-05-19T16:59:46","modified_gmt":"2020-05-19T16:59:46","slug":"actinolite-garbenschiste-niedere-tauern","status":"publish","type":"product","link":"https:\/\/westgem.shop\/fr\/produit\/actinolite-garbenschiste-niedere-tauern\/","title":{"rendered":"AKTINOLITH Schiste de Garben - Niedere Tauern"},"content":{"rendered":"<p>Beau gros morceau d'ACTINOLITH GARBENSCHIEFER provenant du Niederen Tauern dans l'ouest de la Styrie.<\/p>\n<p>Polie d'un c\u00f4t\u00e9 pour voir les cristaux d'AKTINOLITH en forme de b\u00e2tonnets \u00e0 rayons tourbillonnants.<\/p>\n<p>L'ACTINOLITE ou pierre de jet est un min\u00e9ral du groupe AMPHIBOL et est toujours associ\u00e9 au GRANAT.<\/p>\n<p>poids :<u> 4,7 kilogrammes<\/u>  Dimensions : 30 x 14 x 9 cm<\/p>\n<p><u>PRIX SP\u00c9CIAL !<\/u> <\/p>\n<p>Les 2 derni\u00e8res photos montrent le c\u00f4t\u00e9 naturel non poli et le c\u00f4t\u00e9 inf\u00e9rieur.<\/p>","protected":false},"excerpt":{"rendered":"<p>Belle et grande pi\u00e8ce d'AKTINOLITH GARBENSCHIEFER provenant des Niederen Tauern dans l'ouest de la Styrie. Polie d'un c\u00f4t\u00e9 pour voir les cristaux d'AKTINOLITH \u00e0 rayons tourbillonnants et \u00e0 tige. L'AKTINOLITH ou pierre de jet est un min\u00e9ral du groupe AMPHIBOL et est toujours associ\u00e9 au GRANAT. Poids : 4,7 kilogrammes Dimensions : 30 x 14 x 9 cm PRIX SPECIAL DE VENTE ! Les 2 derniers [...]<\/p>","protected":false},"featured_media":3753,"template":"","meta":{"_acf_changed":false},"region":[],"product_brand":[],"product_cat":[15],"product_tag":[],"class_list":{"0":"post-2582","1":"product","2":"type-product","3":"status-publish","4":"has-post-thumbnail","6":"product_cat-mineralien","8":"first","9":"outofstock","10":"sold-individually","11":"product-type-simple"},"acf":[],"_links":{"self":[{"href":"https:\/\/westgem.shop\/fr\/wp-json\/wp\/v2\/product\/2582","targetHints":{"allow":["GET"]}}],"collection":[{"href":"https:\/\/westgem.shop\/fr\/wp-json\/wp\/v2\/product"}],"about":[{"href":"https:\/\/westgem.shop\/fr\/wp-json\/wp\/v2\/types\/product"}],"wp:featuredmedia":[{"embeddable":true,"href":"https:\/\/westgem.shop\/fr\/wp-json\/wp\/v2\/media\/3753"}],"wp:attachment":[{"href":"https:\/\/westgem.shop\/fr\/wp-json\/wp\/v2\/media?parent=2582"}],"wp:term":[{"taxonomy":"region","embeddable":true,"href":"https:\/\/westgem.shop\/fr\/wp-json\/wp\/v2\/region?post=2582"},{"taxonomy":"product_brand","embeddable":true,"href":"https:\/\/westgem.shop\/fr\/wp-json\/wp\/v2\/product_brand?post=2582"},{"taxonomy":"product_cat","embeddable":true,"href":"https:\/\/westgem.shop\/fr\/wp-json\/wp\/v2\/product_cat?post=2582"},{"taxonomy":"product_tag","embeddable":true,"href":"https:\/\/westgem.shop\/fr\/wp-json\/wp\/v2\/product_tag?post=2582"}],"curies":[{"name":"wp","href":"https:\/\/api.w.org\/{rel}","templated":true}]}}