{"id":2583,"date":"2001-06-28T00:00:00","date_gmt":"2001-06-28T00:00:00","guid":{"rendered":"https:\/\/miners.rocks\/product\/feuerstein-knolle-aa\/"},"modified":"2020-05-19T16:59:47","modified_gmt":"2020-05-19T16:59:47","slug":"silex-tuberculeux-aa","status":"publish","type":"product","link":"https:\/\/westgem.shop\/fr\/produit\/silex-tuberculeux-aa\/","title":{"rendered":"SILEX TUBERCULEUX AA"},"content":{"rendered":"<p> Photos INDOOR.<\/p>\n<p>En revanche, quelque chose de PARTICULIER : nous avons encore quelques gros tubercules de PIERRE - d\u00e9capit\u00e9s comme un \u0153uf au petit d\u00e9jeuner. Le r\u00e9sultat : des pi\u00e8ces DEKO incroyables.<\/p>\n<p>On pourrait aussi couper le tubercule en tranches pour voir ce qu'il y a encore \u00e0 l'int\u00e9rieur en termes de motifs et de couleurs. Mais c'est au nouveau propri\u00e9taire d'en d\u00e9cider. Nous proposons cet incroyable tubercule FEUERSTEIN tel qu'il appara\u00eet sur les photos - le grand tubercule et le petit \"couvercle\".<\/p>\n<p>  Vous trouverez la description exacte de FEUERSTEIN dans le <u>Cat\u00e9gorie - MARCHANDISES BRUTES<\/u> <u>NATURE<\/u> chez l'art. : RO102, dans cette cat\u00e9gorie vous trouverez d'autres superbes PIERRES DE FEU de Madagascar<\/p>\n<p>La mati\u00e8re premi\u00e8re se trouve au NORD de Madagascar et au Nigeria. MAHAJUNGA<\/p>\n<p>Poids : 5.00 kilogrammes au total Dimensions : 20 x 17 x 12 cm<\/p>\n<p>La derni\u00e8re photo montre le tubercule avec son couvercle. En raison de la lumi\u00e8re artificielle lors de la prise de vue, les tons rouges sont un peu dominants, \u00e0 la lumi\u00e8re du jour, la couleur de base est un peu plus l\u00e9g\u00e8rement brun\u00e2tre .<\/p>","protected":false},"excerpt":{"rendered":"<p>photos INDOOR. En revanche, quelque chose de PARTICULIER : nous avons encore quelques gros tubercules de PIERRE - d\u00e9capit\u00e9s comme un \u0153uf au petit d\u00e9jeuner. Il en r\u00e9sulte des morceaux de DEKO incroyables. On pourrait aussi couper le tubercule en tranches pour voir ce qu'il y a encore \u00e0 l'int\u00e9rieur en termes de motifs et de couleurs. Mais c'est au nouveau propri\u00e9taire d'en d\u00e9cider. [...]<\/p>","protected":false},"featured_media":3758,"template":"","meta":{"_acf_changed":false},"region":[],"product_brand":[],"product_cat":[15],"product_tag":[],"class_list":{"0":"post-2583","1":"product","2":"type-product","3":"status-publish","4":"has-post-thumbnail","6":"product_cat-mineralien","8":"first","9":"outofstock","10":"sold-individually","11":"product-type-simple"},"acf":[],"_links":{"self":[{"href":"https:\/\/westgem.shop\/fr\/wp-json\/wp\/v2\/product\/2583","targetHints":{"allow":["GET"]}}],"collection":[{"href":"https:\/\/westgem.shop\/fr\/wp-json\/wp\/v2\/product"}],"about":[{"href":"https:\/\/westgem.shop\/fr\/wp-json\/wp\/v2\/types\/product"}],"wp:featuredmedia":[{"embeddable":true,"href":"https:\/\/westgem.shop\/fr\/wp-json\/wp\/v2\/media\/3758"}],"wp:attachment":[{"href":"https:\/\/westgem.shop\/fr\/wp-json\/wp\/v2\/media?parent=2583"}],"wp:term":[{"taxonomy":"region","embeddable":true,"href":"https:\/\/westgem.shop\/fr\/wp-json\/wp\/v2\/region?post=2583"},{"taxonomy":"product_brand","embeddable":true,"href":"https:\/\/westgem.shop\/fr\/wp-json\/wp\/v2\/product_brand?post=2583"},{"taxonomy":"product_cat","embeddable":true,"href":"https:\/\/westgem.shop\/fr\/wp-json\/wp\/v2\/product_cat?post=2583"},{"taxonomy":"product_tag","embeddable":true,"href":"https:\/\/westgem.shop\/fr\/wp-json\/wp\/v2\/product_tag?post=2583"}],"curies":[{"name":"wp","href":"https:\/\/api.w.org\/{rel}","templated":true}]}}