{"id":2584,"date":"2001-06-29T00:00:00","date_gmt":"2001-06-29T00:00:00","guid":{"rendered":"https:\/\/miners.rocks\/product\/topraritaet-seelilie-solnhofen\/"},"modified":"2020-05-19T16:59:47","modified_gmt":"2020-05-19T16:59:47","slug":"topraritaet-lys-de-mer-solnhofen","status":"publish","type":"product","link":"https:\/\/westgem.shop\/fr\/produit\/topraritaet-lys-de-mer-solnhofen\/","title":{"rendered":"RARET\u00c9 : LYS DE MER - SOLNHOFEN"},"content":{"rendered":"<p>Incroyablement Rare- <u>LYS DE MER NAGEANT LIBREMENT<\/u><\/p>\n<p><u>On n'a trouv\u00e9 que tr\u00e8s, tr\u00e8s peu de ces fossiles - et celui-ci est particuli\u00e8rement beau !<\/u><\/p>\n<p>SOLNHOFNER PLATTENKALK - \u00e9galement le lieu de d\u00e9couverte du mondialement c\u00e9l\u00e8bre ARCHAEOPTERYX.<\/p>\n<p>La plaque originale est coup\u00e9e droite sur les bords - la SEELILIE est sensationnellement bien conserv\u00e9e. - la plaque fossile est fix\u00e9e sur une plaque de bois solide recouverte de cuir synth\u00e9tique avec un ruban adh\u00e9sif double face (que l'on peut aussi facilement retirer).<\/p>\n<p>poids complet 2,40 kilogrammes  <\/p>\n<p> Dim.de la plaque originale SOLNHOFNER avec la S\u00c9LILIE : 23 x 23 x 1 cm<\/p>\n<p><u>OFFRE SP\u00c9CIALE COLLECTIONNEURS<\/u> <\/p>\n<p>La derni\u00e8re photo est en noir et blanc.<\/p>","protected":false},"excerpt":{"rendered":"<p>Incroyablement rare - S\u00c9LILE NATURELLE Des fossiles de ce type n'ont \u00e9t\u00e9 trouv\u00e9s qu'en tr\u00e8s, tr\u00e8s petit nombre - et celui-ci est particuli\u00e8rement beau ! CALCAIRE \u00c0 PLATS DE SOLNHOFN - \u00e9galement le lieu de d\u00e9couverte du mondialement c\u00e9l\u00e8bre ARCHAEOPTERYX. La plaque originale est coup\u00e9e droite sur les bords - la s\u00e9l\u00e9nium est sensationnellement conserv\u00e9e. - la plaque de fossiles est plac\u00e9e sur une plaque de bois solide, recouverte de simili-cuir [...].<\/p>","protected":false},"featured_media":3764,"template":"","meta":{"_acf_changed":false},"region":[],"product_brand":[],"product_cat":[15],"product_tag":[],"class_list":{"0":"post-2584","1":"product","2":"type-product","3":"status-publish","4":"has-post-thumbnail","6":"product_cat-mineralien","8":"first","9":"outofstock","10":"sold-individually","11":"product-type-simple"},"acf":[],"_links":{"self":[{"href":"https:\/\/westgem.shop\/fr\/wp-json\/wp\/v2\/product\/2584","targetHints":{"allow":["GET"]}}],"collection":[{"href":"https:\/\/westgem.shop\/fr\/wp-json\/wp\/v2\/product"}],"about":[{"href":"https:\/\/westgem.shop\/fr\/wp-json\/wp\/v2\/types\/product"}],"wp:featuredmedia":[{"embeddable":true,"href":"https:\/\/westgem.shop\/fr\/wp-json\/wp\/v2\/media\/3764"}],"wp:attachment":[{"href":"https:\/\/westgem.shop\/fr\/wp-json\/wp\/v2\/media?parent=2584"}],"wp:term":[{"taxonomy":"region","embeddable":true,"href":"https:\/\/westgem.shop\/fr\/wp-json\/wp\/v2\/region?post=2584"},{"taxonomy":"product_brand","embeddable":true,"href":"https:\/\/westgem.shop\/fr\/wp-json\/wp\/v2\/product_brand?post=2584"},{"taxonomy":"product_cat","embeddable":true,"href":"https:\/\/westgem.shop\/fr\/wp-json\/wp\/v2\/product_cat?post=2584"},{"taxonomy":"product_tag","embeddable":true,"href":"https:\/\/westgem.shop\/fr\/wp-json\/wp\/v2\/product_tag?post=2584"}],"curies":[{"name":"wp","href":"https:\/\/api.w.org\/{rel}","templated":true}]}}