{"id":2585,"date":"2001-06-30T00:00:00","date_gmt":"2001-06-30T00:00:00","guid":{"rendered":"https:\/\/miners.rocks\/product\/magnetit-xx-bolivien\/"},"modified":"2020-05-19T16:59:48","modified_gmt":"2020-05-19T16:59:48","slug":"magnetite-xx-bolivie","status":"publish","type":"product","link":"https:\/\/westgem.shop\/fr\/produit\/magnetite-xx-bolivie\/","title":{"rendered":"Magn\u00e9tite xx - BOLIVIE"},"content":{"rendered":"<p>Les meilleurs cristaux de magn\u00e9tite au monde proviennent des mines du Cerro Huanaquino \u00e0 Potosi - BOLIVIE.<\/p>\n<p>La magn\u00e9tite est un OXYDE DE FER de formule Fe3O4 - les cristaux sont naturellement magn\u00e9tiques et pr\u00e9sentent principalement des formes OKTAEDER, un \u00e9clat noir de fer avec parfois des couleurs bleues de ternissement.<\/p>\n<p>Le point de fusion est de 1 527 degr\u00e9s C.<\/p>\n<p>Les cristaux individuels reposent sur du quartzPORPHYR comme roche m\u00e8re.<\/p>\n<p>Poids : 520 g Dimensions : 13 x 8 x 4 cm<\/p>\n<p>La photo 4 est la face inf\u00e9rieure. Les cristaux de magn\u00e9tite individuels sont tous brillants, mais sur les photos, seuls ceux qui se trouvaient exactement au bon angle avec une surface lisse sont visibles.<\/p>","protected":false},"excerpt":{"rendered":"<p>Les meilleurs cristaux de magn\u00e9tite au monde proviennent des mines du Cerro Huanaquino \u00e0 Potosi - BOLIVIE. La magn\u00e9tite est un OXYDE DE FER de formule Fe3O4 - les cristaux sont naturellement magn\u00e9tiques et pr\u00e9sentent principalement des formes OKTAEDER, un \u00e9clat noir de fer avec parfois des couleurs bleues de ternissement. Le point de fusion est de 1 527 degr\u00e9s C. Les cristaux individuels reposent sur du quartzPORPHYR comme roche m\u00e8re. [...]<\/p>","protected":false},"featured_media":3769,"template":"","meta":{"_acf_changed":false},"region":[],"product_brand":[],"product_cat":[15],"product_tag":[],"class_list":{"0":"post-2585","1":"product","2":"type-product","3":"status-publish","4":"has-post-thumbnail","6":"product_cat-mineralien","8":"first","9":"outofstock","10":"sold-individually","11":"product-type-simple"},"acf":[],"_links":{"self":[{"href":"https:\/\/westgem.shop\/fr\/wp-json\/wp\/v2\/product\/2585","targetHints":{"allow":["GET"]}}],"collection":[{"href":"https:\/\/westgem.shop\/fr\/wp-json\/wp\/v2\/product"}],"about":[{"href":"https:\/\/westgem.shop\/fr\/wp-json\/wp\/v2\/types\/product"}],"wp:featuredmedia":[{"embeddable":true,"href":"https:\/\/westgem.shop\/fr\/wp-json\/wp\/v2\/media\/3769"}],"wp:attachment":[{"href":"https:\/\/westgem.shop\/fr\/wp-json\/wp\/v2\/media?parent=2585"}],"wp:term":[{"taxonomy":"region","embeddable":true,"href":"https:\/\/westgem.shop\/fr\/wp-json\/wp\/v2\/region?post=2585"},{"taxonomy":"product_brand","embeddable":true,"href":"https:\/\/westgem.shop\/fr\/wp-json\/wp\/v2\/product_brand?post=2585"},{"taxonomy":"product_cat","embeddable":true,"href":"https:\/\/westgem.shop\/fr\/wp-json\/wp\/v2\/product_cat?post=2585"},{"taxonomy":"product_tag","embeddable":true,"href":"https:\/\/westgem.shop\/fr\/wp-json\/wp\/v2\/product_tag?post=2585"}],"curies":[{"name":"wp","href":"https:\/\/api.w.org\/{rel}","templated":true}]}}