{"id":2586,"date":"2001-07-01T00:00:00","date_gmt":"2001-07-01T00:00:00","guid":{"rendered":"https:\/\/miners.rocks\/product\/magnetit-xx-bolivien-2\/"},"modified":"2020-05-19T16:59:48","modified_gmt":"2020-05-19T16:59:48","slug":"magnetite-xx-bolivie-2","status":"publish","type":"product","link":"https:\/\/westgem.shop\/fr\/produit\/magnetite-xx-bolivie-2\/","title":{"rendered":"Magn\u00e9tite xx - BOLIVIE"},"content":{"rendered":"<p>Magn\u00e9tite OKTAEDER brillante, noir de fer, sur quartzPORPHYR.<\/p>\n<p>Description d\u00e9taill\u00e9e pour l'art. AA045 - MIN\u00c9RAUX D'AM\u00c9RIQUE<\/p>\n<p>localisation de la trouvaille : POTOSI - BOLIVIE<\/p>\n<p>Poids : 840 g Dimensions : 15 x 8 x 5 cm<\/p>\n<p>Les cristaux de magn\u00e9tite sont tous brillants, mais sur les photos, seuls ceux dont les faces \u00e9taient plac\u00e9es dans le bon 'angle' par rapport \u00e0 l'appareil photo sont visibles. D\u00e9sol\u00e9, nous n'avons pas r\u00e9ussi \u00e0 prendre ces photos, la marche est donc plus belle en r\u00e9alit\u00e9.<\/p>","protected":false},"excerpt":{"rendered":"<p>Magn\u00e9tite OKTAEDER brillante noir-fer sur quartzPORPHYR. Description d\u00e9taill\u00e9e dans l'art. AA045 - MINERALES D'AMERIQUE Lieu de d\u00e9couverte : POTOSI - BOLIVIE Poids : 840 g Dimensions : 15 x 8 x 5 cm Les cristaux de magn\u00e9tite sont tous brillants, mais sur les photos, seuls ceux dont les faces \u00e9taient dans le bon 'angle' par rapport \u00e0 l'appareil photo. D\u00e9sol\u00e9, ces photos ne sont pas bonnes [...].<\/p>","protected":false},"featured_media":3773,"template":"","meta":{"_acf_changed":false},"region":[],"product_brand":[],"product_cat":[15],"product_tag":[],"class_list":{"0":"post-2586","1":"product","2":"type-product","3":"status-publish","4":"has-post-thumbnail","6":"product_cat-mineralien","8":"first","9":"outofstock","10":"sold-individually","11":"product-type-simple"},"acf":[],"_links":{"self":[{"href":"https:\/\/westgem.shop\/fr\/wp-json\/wp\/v2\/product\/2586","targetHints":{"allow":["GET"]}}],"collection":[{"href":"https:\/\/westgem.shop\/fr\/wp-json\/wp\/v2\/product"}],"about":[{"href":"https:\/\/westgem.shop\/fr\/wp-json\/wp\/v2\/types\/product"}],"wp:featuredmedia":[{"embeddable":true,"href":"https:\/\/westgem.shop\/fr\/wp-json\/wp\/v2\/media\/3773"}],"wp:attachment":[{"href":"https:\/\/westgem.shop\/fr\/wp-json\/wp\/v2\/media?parent=2586"}],"wp:term":[{"taxonomy":"region","embeddable":true,"href":"https:\/\/westgem.shop\/fr\/wp-json\/wp\/v2\/region?post=2586"},{"taxonomy":"product_brand","embeddable":true,"href":"https:\/\/westgem.shop\/fr\/wp-json\/wp\/v2\/product_brand?post=2586"},{"taxonomy":"product_cat","embeddable":true,"href":"https:\/\/westgem.shop\/fr\/wp-json\/wp\/v2\/product_cat?post=2586"},{"taxonomy":"product_tag","embeddable":true,"href":"https:\/\/westgem.shop\/fr\/wp-json\/wp\/v2\/product_tag?post=2586"}],"curies":[{"name":"wp","href":"https:\/\/api.w.org\/{rel}","templated":true}]}}