{"id":2587,"date":"2001-07-02T00:00:00","date_gmt":"2001-07-02T00:00:00","guid":{"rendered":"https:\/\/miners.rocks\/product\/mehrfaerbiger-feuerstein-aa-roh\/"},"modified":"2020-05-19T16:59:49","modified_gmt":"2020-05-19T16:59:49","slug":"brique-de-feu-a-plusieurs-facettes-aa-brut","status":"publish","type":"product","link":"https:\/\/westgem.shop\/fr\/produit\/brique-de-feu-a-plusieurs-facettes-aa-brut\/","title":{"rendered":"PIERRE FEUILLEUSE multicolore AA - BRUTE"},"content":{"rendered":"<p>Ce min\u00e9ral est \u00e9galement taill\u00e9 et poli sous le nom de jaspe polychrome ou de \"jaspe dessert\" .... Il existe encore quelques noms de fantaisie pour le d\u00e9signer, vendu... Mais dans le commerce de la bijouterie, presque toutes les roches et tous les m\u00e9langes de min\u00e9raux sont propos\u00e9s sous le nom de jaspe, un nom relativement connu, et c'est tout.<\/p>\n<p>GrandCHALCEDON PIERRE DE PREMI\u00c8RE CLASSE<\/p>\n<p>Tr\u00e8s d\u00e9coratif pour attirer l'attention, mais il est probable que des motifs sensationnels se cachent encore \u00e0 l'int\u00e9rieur du tubercule. Le nouveau propri\u00e9taire de cette pi\u00e8ce fascinante pourrait par exemple couper et polir des tranches ! Conseil : pour la d\u00e9coupe, vous avez besoin d'un liquide de refroidissement pour la scie diamant\u00e9e, ces PIERRES sont extr\u00eamement dures. Polir avec du CEROXYD.<\/p>\n<p>Vous vous demandez bien s\u00fbr pourquoi nous ne le faisons pas ? Eh bien, nous avons encore environ une tonne de cette marchandise en stock et nous le faisons de toute fa\u00e7on pour certaines pi\u00e8ces.<\/p>\n<p>Nous livrons le gros tubercule avec le petit morceau de capuchon que nous avons coup\u00e9 pour voir les structures et les couleurs int\u00e9rieures.<\/p>\n<p>POLYCHROMER Madagascar CHALCEDON PIERRE - CHERT anglais<\/p>\n<p>Poids total : 5,5 kilogrammes Dimensions : 21 x 17 x 13 cm<\/p>","protected":false},"excerpt":{"rendered":"<p>Ce min\u00e9ral est \u00e9galement taill\u00e9 et poli sous le nom de jaspe polychrome ou de \"jaspe dessert\" .... Il existe encore quelques noms de fantaisie pour le d\u00e9signer, vendu... Mais dans le commerce de la bijouterie, presque tout ce qui est trouv\u00e9 comme roches et m\u00e9langes de min\u00e9raux est tout simplement propos\u00e9 comme jaspe, un nom relativement connu, et c'est tout. De grandsCHALCEDON [...] de premi\u00e8re qualit\u00e9<\/p>","protected":false},"featured_media":3777,"template":"","meta":{"_acf_changed":false},"region":[],"product_brand":[],"product_cat":[15],"product_tag":[],"class_list":{"0":"post-2587","1":"product","2":"type-product","3":"status-publish","4":"has-post-thumbnail","6":"product_cat-mineralien","8":"first","9":"outofstock","10":"sold-individually","11":"product-type-simple"},"acf":[],"_links":{"self":[{"href":"https:\/\/westgem.shop\/fr\/wp-json\/wp\/v2\/product\/2587","targetHints":{"allow":["GET"]}}],"collection":[{"href":"https:\/\/westgem.shop\/fr\/wp-json\/wp\/v2\/product"}],"about":[{"href":"https:\/\/westgem.shop\/fr\/wp-json\/wp\/v2\/types\/product"}],"wp:featuredmedia":[{"embeddable":true,"href":"https:\/\/westgem.shop\/fr\/wp-json\/wp\/v2\/media\/3777"}],"wp:attachment":[{"href":"https:\/\/westgem.shop\/fr\/wp-json\/wp\/v2\/media?parent=2587"}],"wp:term":[{"taxonomy":"region","embeddable":true,"href":"https:\/\/westgem.shop\/fr\/wp-json\/wp\/v2\/region?post=2587"},{"taxonomy":"product_brand","embeddable":true,"href":"https:\/\/westgem.shop\/fr\/wp-json\/wp\/v2\/product_brand?post=2587"},{"taxonomy":"product_cat","embeddable":true,"href":"https:\/\/westgem.shop\/fr\/wp-json\/wp\/v2\/product_cat?post=2587"},{"taxonomy":"product_tag","embeddable":true,"href":"https:\/\/westgem.shop\/fr\/wp-json\/wp\/v2\/product_tag?post=2587"}],"curies":[{"name":"wp","href":"https:\/\/api.w.org\/{rel}","templated":true}]}}