{"id":2588,"date":"2001-07-03T00:00:00","date_gmt":"2001-07-03T00:00:00","guid":{"rendered":"https:\/\/miners.rocks\/product\/chalcedon-feuerstein-3\/"},"modified":"2020-05-19T16:59:50","modified_gmt":"2020-05-19T16:59:50","slug":"calcedoine-silex-3","status":"publish","type":"product","link":"https:\/\/westgem.shop\/fr\/produit\/calcedoine-silex-3\/","title":{"rendered":"CALC\u00c9DOINE PIERRE \u00c0 FEU"},"content":{"rendered":"<p>Description d\u00e9taill\u00e9e pour l'art. ROF017 - Cat\u00e9gorie - MATI\u00c8RE BRUTE NATURE<\/p>\n<p>Demi-COLLE DE FEU avec de superbes couleurs<\/p>\n<p>Mahajunga - Madagascar<\/p>\n<p>Poids : 2,8 kilogrammes Dimensions : 19 x 14 x 10 cm<\/p>","protected":false},"excerpt":{"rendered":"<p>Description d\u00e9taill\u00e9e chez Art. ROF017 - Cat\u00e9gorie - PRODUITS BRUTS NATURE Demi-COLLE DE FEU avec de superbes couleurs Mahajunga - Madagascar Poids : 2,8 kilogrammes Dimensions : 19 x 14 x 10 cm<\/p>","protected":false},"featured_media":3782,"template":"","meta":{"_acf_changed":false},"region":[],"product_brand":[],"product_cat":[15],"product_tag":[],"class_list":{"0":"post-2588","1":"product","2":"type-product","3":"status-publish","4":"has-post-thumbnail","6":"product_cat-mineralien","8":"first","9":"outofstock","10":"sold-individually","11":"product-type-simple"},"acf":[],"_links":{"self":[{"href":"https:\/\/westgem.shop\/fr\/wp-json\/wp\/v2\/product\/2588","targetHints":{"allow":["GET"]}}],"collection":[{"href":"https:\/\/westgem.shop\/fr\/wp-json\/wp\/v2\/product"}],"about":[{"href":"https:\/\/westgem.shop\/fr\/wp-json\/wp\/v2\/types\/product"}],"wp:featuredmedia":[{"embeddable":true,"href":"https:\/\/westgem.shop\/fr\/wp-json\/wp\/v2\/media\/3782"}],"wp:attachment":[{"href":"https:\/\/westgem.shop\/fr\/wp-json\/wp\/v2\/media?parent=2588"}],"wp:term":[{"taxonomy":"region","embeddable":true,"href":"https:\/\/westgem.shop\/fr\/wp-json\/wp\/v2\/region?post=2588"},{"taxonomy":"product_brand","embeddable":true,"href":"https:\/\/westgem.shop\/fr\/wp-json\/wp\/v2\/product_brand?post=2588"},{"taxonomy":"product_cat","embeddable":true,"href":"https:\/\/westgem.shop\/fr\/wp-json\/wp\/v2\/product_cat?post=2588"},{"taxonomy":"product_tag","embeddable":true,"href":"https:\/\/westgem.shop\/fr\/wp-json\/wp\/v2\/product_tag?post=2588"}],"curies":[{"name":"wp","href":"https:\/\/api.w.org\/{rel}","templated":true}]}}