{"id":2589,"date":"2001-07-04T00:00:00","date_gmt":"2001-07-04T00:00:00","guid":{"rendered":"https:\/\/miners.rocks\/product\/versteinertes-holz-arizona-3\/"},"modified":"2020-05-19T16:59:51","modified_gmt":"2020-05-19T16:59:51","slug":"bois-petrifie-arizona-3","status":"publish","type":"product","link":"https:\/\/westgem.shop\/fr\/produit\/bois-petrifie-arizona-3\/","title":{"rendered":"Bois p\u00e9trifi\u00e9 - ARIZONA"},"content":{"rendered":"<p>Il y a environ 250 millions d'ann\u00e9es, l'Arizona actuel \u00e9tait une plaine alluviale travers\u00e9e par de nombreux fleuves, avec d'immenses ARAUCARIES, FARNES D'ARBRE et ARBRES D'AIGUILLES.............. la suite se trouve sur l'information annexe .<\/p>\n<p>PIERRE ARAUCARIENNE provenant de la c\u00e9l\u00e8bre PETRIFIED FOREST \u00e0 HOLBROOK - ARIZONA - USA<\/p>\n<p>Poids : 700 g Dimensions : 11 x 10 x 8 cm<\/p>","protected":false},"excerpt":{"rendered":"<p>Il y a environ 250 millions d'ann\u00e9es, l'Arizona actuel \u00e9tait une plaine alluviale travers\u00e9e par de nombreux fleuves, avec d'immenses ARAUCARIES, FARES ARBREES et ARBRE A NADEL.............. la suite se trouve sur l'information de l'offrande. PI\u00c8CE D'ARAUCARIES provenant de la c\u00e9l\u00e8bre PETRIFIED FOREST \u00e0 HOLBROOK - ARIZONA - USA Poids : 700 g Dimensions : 11 x 10 x 8 cm<\/p>","protected":false},"featured_media":3786,"template":"","meta":{"_acf_changed":false},"region":[],"product_brand":[],"product_cat":[15],"product_tag":[],"class_list":{"0":"post-2589","1":"product","2":"type-product","3":"status-publish","4":"has-post-thumbnail","6":"product_cat-mineralien","8":"first","9":"outofstock","10":"sold-individually","11":"product-type-simple"},"acf":[],"_links":{"self":[{"href":"https:\/\/westgem.shop\/fr\/wp-json\/wp\/v2\/product\/2589","targetHints":{"allow":["GET"]}}],"collection":[{"href":"https:\/\/westgem.shop\/fr\/wp-json\/wp\/v2\/product"}],"about":[{"href":"https:\/\/westgem.shop\/fr\/wp-json\/wp\/v2\/types\/product"}],"wp:featuredmedia":[{"embeddable":true,"href":"https:\/\/westgem.shop\/fr\/wp-json\/wp\/v2\/media\/3786"}],"wp:attachment":[{"href":"https:\/\/westgem.shop\/fr\/wp-json\/wp\/v2\/media?parent=2589"}],"wp:term":[{"taxonomy":"region","embeddable":true,"href":"https:\/\/westgem.shop\/fr\/wp-json\/wp\/v2\/region?post=2589"},{"taxonomy":"product_brand","embeddable":true,"href":"https:\/\/westgem.shop\/fr\/wp-json\/wp\/v2\/product_brand?post=2589"},{"taxonomy":"product_cat","embeddable":true,"href":"https:\/\/westgem.shop\/fr\/wp-json\/wp\/v2\/product_cat?post=2589"},{"taxonomy":"product_tag","embeddable":true,"href":"https:\/\/westgem.shop\/fr\/wp-json\/wp\/v2\/product_tag?post=2589"}],"curies":[{"name":"wp","href":"https:\/\/api.w.org\/{rel}","templated":true}]}}