{"id":2591,"date":"2001-07-06T00:00:00","date_gmt":"2001-07-06T00:00:00","guid":{"rendered":"https:\/\/miners.rocks\/product\/ro069-unakit-einseitig-poliert\/"},"modified":"2020-05-19T16:59:52","modified_gmt":"2020-05-19T16:59:52","slug":"ro069-unakit-polie-dun-cote","status":"publish","type":"product","link":"https:\/\/westgem.shop\/fr\/produit\/ro069-unakit-polie-dun-cote\/","title":{"rendered":"RO069 - UNAKIT - polie d'un c\u00f4t\u00e9"},"content":{"rendered":"<p>L'UNAKIT est une roche compos\u00e9e de min\u00e9raux tels que l'EPIDOT, le SPATE DE CHAMP, g\u00e9n\u00e9ralement rouge\u00e2tre, et le quartz.<\/p>\n<p>Dans le commerce de la bijouterie et de l'\u00e9sot\u00e9risme, cette pierre est volontiers propos\u00e9e comme \"jaspe fleuri\", ce qui est bien s\u00fbr une tromperie, car UNAKIT n'a rien \u00e0 voir avec le jaspe.<\/p>\n<p>Le nom du min\u00e9ral est bas\u00e9 sur le lieu de d\u00e9couverte aux \u00c9tats-Unis - UNAKA MOUNTAINS<\/p>\n<p>Nos 'pi\u00e8ces proviennent de sites en TRANSVAAL - AFRIQUE DU SUD<\/p>\n<p>UNAKIT - coup\u00e9 d'un c\u00f4t\u00e9 et la surface de coupe polie.<\/p>\n<p>Poids : 280 g Dimensions : 15 x 8,5 x 1 cm - La derni\u00e8re photo est le verso nature<\/p>","protected":false},"excerpt":{"rendered":"<p>L'UNAKIT est une ROCI\u00c9T\u00c9 compos\u00e9e de min\u00e9raux comme l'EPIDOT, le SPATE DE CHAMP, g\u00e9n\u00e9ralement rouge\u00e2tre, et le quartz. Dans le commerce de la bijouterie et de l'\u00e9sot\u00e9risme, cette roche est souvent propos\u00e9e comme \"jaspe fleuri\", ce qui est bien s\u00fbr trompeur, car l'UNAKIT n'a rien \u00e0 voir avec le jaspe. Le nom du min\u00e9ral vient de l'endroit o\u00f9 il a \u00e9t\u00e9 trouv\u00e9 aux \u00c9tats-Unis - uzw. UNAKA MOUNTAINS Nos 'pi\u00e8ces proviennent [...].<\/p>","protected":false},"featured_media":3794,"template":"","meta":{"_acf_changed":false},"region":[],"product_brand":[],"product_cat":[15],"product_tag":[],"class_list":{"0":"post-2591","1":"product","2":"type-product","3":"status-publish","4":"has-post-thumbnail","6":"product_cat-mineralien","8":"first","9":"outofstock","10":"sold-individually","11":"product-type-simple"},"acf":[],"_links":{"self":[{"href":"https:\/\/westgem.shop\/fr\/wp-json\/wp\/v2\/product\/2591","targetHints":{"allow":["GET"]}}],"collection":[{"href":"https:\/\/westgem.shop\/fr\/wp-json\/wp\/v2\/product"}],"about":[{"href":"https:\/\/westgem.shop\/fr\/wp-json\/wp\/v2\/types\/product"}],"wp:featuredmedia":[{"embeddable":true,"href":"https:\/\/westgem.shop\/fr\/wp-json\/wp\/v2\/media\/3794"}],"wp:attachment":[{"href":"https:\/\/westgem.shop\/fr\/wp-json\/wp\/v2\/media?parent=2591"}],"wp:term":[{"taxonomy":"region","embeddable":true,"href":"https:\/\/westgem.shop\/fr\/wp-json\/wp\/v2\/region?post=2591"},{"taxonomy":"product_brand","embeddable":true,"href":"https:\/\/westgem.shop\/fr\/wp-json\/wp\/v2\/product_brand?post=2591"},{"taxonomy":"product_cat","embeddable":true,"href":"https:\/\/westgem.shop\/fr\/wp-json\/wp\/v2\/product_cat?post=2591"},{"taxonomy":"product_tag","embeddable":true,"href":"https:\/\/westgem.shop\/fr\/wp-json\/wp\/v2\/product_tag?post=2591"}],"curies":[{"name":"wp","href":"https:\/\/api.w.org\/{rel}","templated":true}]}}