{"id":2593,"date":"2001-07-08T00:00:00","date_gmt":"2001-07-08T00:00:00","guid":{"rendered":"https:\/\/miners.rocks\/product\/magnetit-xx-bolivien-3\/"},"modified":"2020-05-19T16:59:53","modified_gmt":"2020-05-19T16:59:53","slug":"magnetite-xx-bolivie-3","status":"publish","type":"product","link":"https:\/\/westgem.shop\/fr\/produit\/magnetite-xx-bolivie-3\/","title":{"rendered":"Magn\u00e9tite xx - BOLIVIE"},"content":{"rendered":"<p>CRISTALE D'OCTAE DE MADNETITE sur quartzPORPHYRE<\/p>\n<p>Cerro Huanaquino - Potosi - BOLIVIE<\/p>\n<p>Poids : presque 1 kilogramme ( 980 g ) Dimensions : 15 x 11 x 4 cm<\/p>\n<p>Beaucoup de xx avec des surfaces tr\u00e8s brillantes. La derni\u00e8re image est la face inf\u00e9rieure des marches.<\/p>","protected":false},"excerpt":{"rendered":"<p>CRISTAL D'OCTABLE DE MADNETITE sur quartzPORPHYRE Cerro Huanaquino - Potosi - BOLIVIE Poids presque 1 kilogramme ( 980 g ) Dimensions : 15 x 11 x 4 cm Tr\u00e8s nombreux xx avec surfaces tr\u00e8s brillantes. La derni\u00e8re image est la face inf\u00e9rieure des marches.<\/p>","protected":false},"featured_media":3800,"template":"","meta":{"_acf_changed":false},"region":[],"product_brand":[],"product_cat":[15],"product_tag":[],"class_list":{"0":"post-2593","1":"product","2":"type-product","3":"status-publish","4":"has-post-thumbnail","6":"product_cat-mineralien","8":"first","9":"outofstock","10":"sold-individually","11":"product-type-simple"},"acf":[],"_links":{"self":[{"href":"https:\/\/westgem.shop\/fr\/wp-json\/wp\/v2\/product\/2593","targetHints":{"allow":["GET"]}}],"collection":[{"href":"https:\/\/westgem.shop\/fr\/wp-json\/wp\/v2\/product"}],"about":[{"href":"https:\/\/westgem.shop\/fr\/wp-json\/wp\/v2\/types\/product"}],"wp:featuredmedia":[{"embeddable":true,"href":"https:\/\/westgem.shop\/fr\/wp-json\/wp\/v2\/media\/3800"}],"wp:attachment":[{"href":"https:\/\/westgem.shop\/fr\/wp-json\/wp\/v2\/media?parent=2593"}],"wp:term":[{"taxonomy":"region","embeddable":true,"href":"https:\/\/westgem.shop\/fr\/wp-json\/wp\/v2\/region?post=2593"},{"taxonomy":"product_brand","embeddable":true,"href":"https:\/\/westgem.shop\/fr\/wp-json\/wp\/v2\/product_brand?post=2593"},{"taxonomy":"product_cat","embeddable":true,"href":"https:\/\/westgem.shop\/fr\/wp-json\/wp\/v2\/product_cat?post=2593"},{"taxonomy":"product_tag","embeddable":true,"href":"https:\/\/westgem.shop\/fr\/wp-json\/wp\/v2\/product_tag?post=2593"}],"curies":[{"name":"wp","href":"https:\/\/api.w.org\/{rel}","templated":true}]}}