{"id":2594,"date":"2001-07-09T00:00:00","date_gmt":"2001-07-09T00:00:00","guid":{"rendered":"https:\/\/miners.rocks\/product\/kunzit-kristall-himalaya\/"},"modified":"2020-05-19T16:59:53","modified_gmt":"2020-05-19T16:59:53","slug":"kunzite-cristal-himalaya","status":"publish","type":"product","link":"https:\/\/westgem.shop\/fr\/produit\/kunzite-cristal-himalaya\/","title":{"rendered":"Cristal KUNZIT - HIMALAYA"},"content":{"rendered":"<p>SPODUMEN Min\u00e9ral - Var. KUNZIT<\/p>\n<p>Les cristaux roses \u00e0 violets sont de la KUNZIT et les cristaux jaunes \u00e0 verts sont de l'HIDDENIT. On trouve aussi souvent des cristaux mixtes de KUNZIT et d'HIDDENIT.<\/p>\n<p>Min\u00e9ral important de LITHIUM, les beaux cristaux sont taill\u00e9s en pierres pr\u00e9cieuses.<\/p>\n<p>Lieu de d\u00e9couverte : Nangahar - AFGHANISTAN<\/p>\n<p>Poids : 130 g Dimensions : 11 x 3,5 x 1,5 cm<\/p>\n<p>De tels cristaux KUNZIT ne sont plus que tr\u00e8s rarement disponibles !<\/p>","protected":false},"excerpt":{"rendered":"<p>SPODUMEN min\u00e9ral - vari\u00e9t\u00e9 KUNZIT Les cristaux roses \u00e0 violets sont de la KUNZIT et les cristaux jaunes \u00e0 verd\u00e2tres sont de l'HIDDENIT. Souvent aussi des cristaux mixtes de KUNZIT et d'HIDDENIT. Min\u00e9ral important de LITHIUM, les beaux cristaux sont taill\u00e9s en pierres pr\u00e9cieuses. Lieu de la d\u00e9couverte : Nangahar - AFGHANISTAN Poids : 130 g Dimensions : 11 x 3,5 x 1,5 cm De tels cristaux de KUNZIT ne sont [...].<\/p>","protected":false},"featured_media":3805,"template":"","meta":{"_acf_changed":false},"region":[],"product_brand":[],"product_cat":[15],"product_tag":[],"class_list":{"0":"post-2594","1":"product","2":"type-product","3":"status-publish","4":"has-post-thumbnail","6":"product_cat-mineralien","8":"first","9":"outofstock","10":"sold-individually","11":"product-type-simple"},"acf":[],"_links":{"self":[{"href":"https:\/\/westgem.shop\/fr\/wp-json\/wp\/v2\/product\/2594","targetHints":{"allow":["GET"]}}],"collection":[{"href":"https:\/\/westgem.shop\/fr\/wp-json\/wp\/v2\/product"}],"about":[{"href":"https:\/\/westgem.shop\/fr\/wp-json\/wp\/v2\/types\/product"}],"wp:featuredmedia":[{"embeddable":true,"href":"https:\/\/westgem.shop\/fr\/wp-json\/wp\/v2\/media\/3805"}],"wp:attachment":[{"href":"https:\/\/westgem.shop\/fr\/wp-json\/wp\/v2\/media?parent=2594"}],"wp:term":[{"taxonomy":"region","embeddable":true,"href":"https:\/\/westgem.shop\/fr\/wp-json\/wp\/v2\/region?post=2594"},{"taxonomy":"product_brand","embeddable":true,"href":"https:\/\/westgem.shop\/fr\/wp-json\/wp\/v2\/product_brand?post=2594"},{"taxonomy":"product_cat","embeddable":true,"href":"https:\/\/westgem.shop\/fr\/wp-json\/wp\/v2\/product_cat?post=2594"},{"taxonomy":"product_tag","embeddable":true,"href":"https:\/\/westgem.shop\/fr\/wp-json\/wp\/v2\/product_tag?post=2594"}],"curies":[{"name":"wp","href":"https:\/\/api.w.org\/{rel}","templated":true}]}}