{"id":2595,"date":"2001-07-10T00:00:00","date_gmt":"2001-07-10T00:00:00","guid":{"rendered":"https:\/\/miners.rocks\/product\/schwefel-golling-2\/"},"modified":"2020-05-19T16:59:54","modified_gmt":"2020-05-19T16:59:54","slug":"soufre-golling-2","status":"publish","type":"product","link":"https:\/\/westgem.shop\/fr\/produit\/soufre-golling-2\/","title":{"rendered":"SOUFRE - GOLLING"},"content":{"rendered":"<p>Dans la carri\u00e8re de gypse MOOSEGG \u00e0 GOLLING - Land de SALZBURG, seuls quelques morceaux de SCHWEFEL ont \u00e9t\u00e9 trouv\u00e9s, exclusivement dans des couches s\u00e9dimentaires de dolomite calcaire de la formation de Gutenstein.<\/p>\n<p>SCHWEFEL sur KALKSTEINDOLOMIT .<\/p>\n<p>Poids : 250 g Dimensions : 11 x 4 x 4 cm<\/p>\n<p>RARIT\u00c9 !<\/p>","protected":false},"excerpt":{"rendered":"<p>Dans la carri\u00e8re de gypse MOOSEGG \u00e0 GOLLING - Land de SALZBURG, seuls quelques morceaux de SCHWEFEL ont \u00e9t\u00e9 trouv\u00e9s, exclusivement dans des couches s\u00e9dimentaires de dolomite calcaire de la formation de Gutenstein. SCHWEFEL sur DOLOMITE CALCAIRE . Poids : 250 g Dimensions : 11 x 4 x 4 cm RARIT\u00c9 !<\/p>","protected":false},"featured_media":3809,"template":"","meta":{"_acf_changed":false},"region":[],"product_brand":[],"product_cat":[15],"product_tag":[],"class_list":{"0":"post-2595","1":"product","2":"type-product","3":"status-publish","4":"has-post-thumbnail","6":"product_cat-mineralien","8":"first","9":"outofstock","10":"sold-individually","11":"product-type-simple"},"acf":[],"_links":{"self":[{"href":"https:\/\/westgem.shop\/fr\/wp-json\/wp\/v2\/product\/2595","targetHints":{"allow":["GET"]}}],"collection":[{"href":"https:\/\/westgem.shop\/fr\/wp-json\/wp\/v2\/product"}],"about":[{"href":"https:\/\/westgem.shop\/fr\/wp-json\/wp\/v2\/types\/product"}],"wp:featuredmedia":[{"embeddable":true,"href":"https:\/\/westgem.shop\/fr\/wp-json\/wp\/v2\/media\/3809"}],"wp:attachment":[{"href":"https:\/\/westgem.shop\/fr\/wp-json\/wp\/v2\/media?parent=2595"}],"wp:term":[{"taxonomy":"region","embeddable":true,"href":"https:\/\/westgem.shop\/fr\/wp-json\/wp\/v2\/region?post=2595"},{"taxonomy":"product_brand","embeddable":true,"href":"https:\/\/westgem.shop\/fr\/wp-json\/wp\/v2\/product_brand?post=2595"},{"taxonomy":"product_cat","embeddable":true,"href":"https:\/\/westgem.shop\/fr\/wp-json\/wp\/v2\/product_cat?post=2595"},{"taxonomy":"product_tag","embeddable":true,"href":"https:\/\/westgem.shop\/fr\/wp-json\/wp\/v2\/product_tag?post=2595"}],"curies":[{"name":"wp","href":"https:\/\/api.w.org\/{rel}","templated":true}]}}