{"id":2596,"date":"2001-07-11T00:00:00","date_gmt":"2001-07-11T00:00:00","guid":{"rendered":"https:\/\/miners.rocks\/product\/versteinerter-zimtbaum-poliert\/"},"modified":"2020-05-19T16:59:55","modified_gmt":"2020-05-19T16:59:55","slug":"cannelier-petrifie-poli","status":"publish","type":"product","link":"https:\/\/westgem.shop\/fr\/produit\/cannelier-petrifie-poli\/","title":{"rendered":"CIMENT P\u00e9trifi\u00e9 - Poli"},"content":{"rendered":"<p>Ce CIMENT POLI provient du TERITAIRE, son \u00e2ge est estim\u00e9 \u00e0 environ 30 millions d'ann\u00e9es.<\/p>\n<p>Ces arbres ont probablement \u00e9t\u00e9 ferm\u00e9s herm\u00e9tiquement par un nuage de cendres pyroclastiques apr\u00e8s une \u00e9ruption volcanique et ont ainsi pu se fossiliser.<\/p>\n<p>Aujourd'hui, on trouve ces bois fossiles sous une couche de basalte d'environ 15 m\u00e8tres de haut.<\/p>\n<p>Hessische RH\u00f6N - ALLEMAGNE<\/p>\n<p>Poids : 120 g Dimensions : 7 x 6 x 2 cm<\/p>","protected":false},"excerpt":{"rendered":"<p>Ce CIMBRES POLITIQU\u00c9S provient du TERITAIRE, son \u00e2ge est estim\u00e9 \u00e0 environ 30 millions d'ann\u00e9es. Apr\u00e8s une \u00e9ruption volcanique, ces arbres ont probablement \u00e9t\u00e9 enferm\u00e9s herm\u00e9tiquement par un nuage de cendres pyroclastiques et ont ainsi pu se fossiliser. Aujourd'hui, on trouve ces bois fossiles sous une couche de basalte d'environ 15 m\u00e8tres de haut. Hessische RH\u00f6N - DEUTSCHLAND Poids : 120 g Dimensions : [...]<\/p>","protected":false},"featured_media":3813,"template":"","meta":{"_acf_changed":false},"region":[],"product_brand":[],"product_cat":[15],"product_tag":[],"class_list":{"0":"post-2596","1":"product","2":"type-product","3":"status-publish","4":"has-post-thumbnail","6":"product_cat-mineralien","8":"first","9":"outofstock","10":"sold-individually","11":"product-type-simple"},"acf":[],"_links":{"self":[{"href":"https:\/\/westgem.shop\/fr\/wp-json\/wp\/v2\/product\/2596","targetHints":{"allow":["GET"]}}],"collection":[{"href":"https:\/\/westgem.shop\/fr\/wp-json\/wp\/v2\/product"}],"about":[{"href":"https:\/\/westgem.shop\/fr\/wp-json\/wp\/v2\/types\/product"}],"wp:featuredmedia":[{"embeddable":true,"href":"https:\/\/westgem.shop\/fr\/wp-json\/wp\/v2\/media\/3813"}],"wp:attachment":[{"href":"https:\/\/westgem.shop\/fr\/wp-json\/wp\/v2\/media?parent=2596"}],"wp:term":[{"taxonomy":"region","embeddable":true,"href":"https:\/\/westgem.shop\/fr\/wp-json\/wp\/v2\/region?post=2596"},{"taxonomy":"product_brand","embeddable":true,"href":"https:\/\/westgem.shop\/fr\/wp-json\/wp\/v2\/product_brand?post=2596"},{"taxonomy":"product_cat","embeddable":true,"href":"https:\/\/westgem.shop\/fr\/wp-json\/wp\/v2\/product_cat?post=2596"},{"taxonomy":"product_tag","embeddable":true,"href":"https:\/\/westgem.shop\/fr\/wp-json\/wp\/v2\/product_tag?post=2596"}],"curies":[{"name":"wp","href":"https:\/\/api.w.org\/{rel}","templated":true}]}}