{"id":2598,"date":"2001-07-13T00:00:00","date_gmt":"2001-07-13T00:00:00","guid":{"rendered":"https:\/\/miners.rocks\/product\/tigereisen-ueber-2-milliarden-jahre-alt-2\/"},"modified":"2020-05-19T16:59:56","modified_gmt":"2020-05-19T16:59:56","slug":"le-voyage-du-tigre-a-plus-de-2-milliards-dannees-2","status":"publish","type":"product","link":"https:\/\/westgem.shop\/fr\/produit\/le-voyage-du-tigre-a-plus-de-2-milliards-dannees-2\/","title":{"rendered":"Le fer du tigre - vieux de plus de 2 milliards d'ann\u00e9es"},"content":{"rendered":"<p>Tr\u00e8s beau fer ROH - Tigre, coup\u00e9 sur une face, non poli .<\/p>\n<p>MAGN\u00c9TITE\/HEMATIATE - roche s\u00e9dimentaire d'origine volcanique form\u00e9e dans la mer ou le long de fosses oc\u00e9aniques profondes, avec une structure en couches. Les couches de magn\u00e9tite-h\u00e9matite sont reli\u00e9es en alternance avec des couches de quartz microcristallin, en l'occurrence du jaspe. Dans leurs cavit\u00e9s, il s'est form\u00e9 de temps en temps de la crocodolite (\u0153il de faucon) puis de l'\u0153il de tigre.<\/p>\n<p>Les couches s\u00e9dimentaires avec les fers \u00e0 cheval se sont form\u00e9es<\/p>\n<p><u>il y a environ 2,3 MILLIARDS d'ann\u00e9es<\/u><\/p>\n<p>Mine de fer de Bandet - Transvaal - AFRIQUE DU SUD<\/p>\n<p>Fortement pliss\u00e9e par la pression tectonique - tr\u00e8s belle \u00e0 voir<\/p>\n<p>Les couches noires m\u00e9talliques sont de la magn\u00e9tite-h\u00e9matite - le jaspe est brun et l'\u0153il de tigre est dor\u00e9 et brillant.<\/p>\n<p>Poids : 1,5 kilogramme Dimensions : 13 x 8 x 8 cm<\/p>","protected":false},"excerpt":{"rendered":"<p>Tr\u00e8s beau fer tigr\u00e9 ROH, coup\u00e9 sur une face, non poli. FER (magn\u00e9tite\/h\u00e9matite) - roche s\u00e9dimentaire d'origine volcanique, form\u00e9e dans la mer ou le long de fosses oc\u00e9aniques, avec une structure en couches. Les couches de magn\u00e9tite-h\u00e9matite sont reli\u00e9es en alternance avec des couches de quartz microcristallin, en l'occurrence du jaspe. Dans les cavit\u00e9s de ces derni\u00e8res, de la crocodolite (\u0153il de faucon) puis de la [...] [En savoir plus<\/p>","protected":false},"featured_media":3821,"template":"","meta":{"_acf_changed":false},"region":[],"product_brand":[],"product_cat":[15],"product_tag":[],"class_list":{"0":"post-2598","1":"product","2":"type-product","3":"status-publish","4":"has-post-thumbnail","6":"product_cat-mineralien","8":"first","9":"outofstock","10":"sold-individually","11":"product-type-simple"},"acf":[],"_links":{"self":[{"href":"https:\/\/westgem.shop\/fr\/wp-json\/wp\/v2\/product\/2598","targetHints":{"allow":["GET"]}}],"collection":[{"href":"https:\/\/westgem.shop\/fr\/wp-json\/wp\/v2\/product"}],"about":[{"href":"https:\/\/westgem.shop\/fr\/wp-json\/wp\/v2\/types\/product"}],"wp:featuredmedia":[{"embeddable":true,"href":"https:\/\/westgem.shop\/fr\/wp-json\/wp\/v2\/media\/3821"}],"wp:attachment":[{"href":"https:\/\/westgem.shop\/fr\/wp-json\/wp\/v2\/media?parent=2598"}],"wp:term":[{"taxonomy":"region","embeddable":true,"href":"https:\/\/westgem.shop\/fr\/wp-json\/wp\/v2\/region?post=2598"},{"taxonomy":"product_brand","embeddable":true,"href":"https:\/\/westgem.shop\/fr\/wp-json\/wp\/v2\/product_brand?post=2598"},{"taxonomy":"product_cat","embeddable":true,"href":"https:\/\/westgem.shop\/fr\/wp-json\/wp\/v2\/product_cat?post=2598"},{"taxonomy":"product_tag","embeddable":true,"href":"https:\/\/westgem.shop\/fr\/wp-json\/wp\/v2\/product_tag?post=2598"}],"curies":[{"name":"wp","href":"https:\/\/api.w.org\/{rel}","templated":true}]}}