{"id":2599,"date":"2001-07-14T00:00:00","date_gmt":"2001-07-14T00:00:00","guid":{"rendered":"https:\/\/miners.rocks\/product\/arizona-versteinertes-holz\/"},"modified":"2020-05-19T16:59:57","modified_gmt":"2020-05-19T16:59:57","slug":"bois-petrifie-arizona","status":"publish","type":"product","link":"https:\/\/westgem.shop\/fr\/produit\/bois-petrifie-arizona\/","title":{"rendered":"ARIZONA - Bois p\u00e9trifi\u00e9"},"content":{"rendered":"<p>BOIS p\u00e9trifi\u00e9 - avec de belles couleurs ROUGE\/JAUNE typiques de l'Arizona.<\/p>\n<p>Pi\u00e8ce tr\u00e8s compacte, \u00e9galement tr\u00e8s bonne pour le pon\u00e7age et le polissage.<\/p>\n<p>plus de 200 millions d'ann\u00e9es<\/p>\n<p>Petrified Forest - National Park - sur l'Interstate 40 entre Holbrook et Navajo - ARIZONA - USA<\/p>\n<p>Poids : 580 g Dimensions : 11 x 5,5 x 6,5 cm<\/p>","protected":false},"excerpt":{"rendered":"<p>BOIS fossilis\u00e9 - avec de belles couleurs ROUGE\/JAUNE typiques de l'Arizona. Pi\u00e8ce tr\u00e8s compacte, \u00e9galement tr\u00e8s bonne pour le pon\u00e7age et le polissage. Plus de 200 millions d'ann\u00e9es. Petrified Forest - National Park - sur l'Interstate 40 entre Holbrook et Navajo - ARIZONA - USA Poids : 580 g Dimensions : 11 x 5,5 x 6,5 cm<\/p>","protected":false},"featured_media":3826,"template":"","meta":{"_acf_changed":false},"region":[],"product_brand":[],"product_cat":[15],"product_tag":[],"class_list":{"0":"post-2599","1":"product","2":"type-product","3":"status-publish","4":"has-post-thumbnail","6":"product_cat-mineralien","8":"first","9":"outofstock","10":"sold-individually","11":"product-type-simple"},"acf":[],"_links":{"self":[{"href":"https:\/\/westgem.shop\/fr\/wp-json\/wp\/v2\/product\/2599","targetHints":{"allow":["GET"]}}],"collection":[{"href":"https:\/\/westgem.shop\/fr\/wp-json\/wp\/v2\/product"}],"about":[{"href":"https:\/\/westgem.shop\/fr\/wp-json\/wp\/v2\/types\/product"}],"wp:featuredmedia":[{"embeddable":true,"href":"https:\/\/westgem.shop\/fr\/wp-json\/wp\/v2\/media\/3826"}],"wp:attachment":[{"href":"https:\/\/westgem.shop\/fr\/wp-json\/wp\/v2\/media?parent=2599"}],"wp:term":[{"taxonomy":"region","embeddable":true,"href":"https:\/\/westgem.shop\/fr\/wp-json\/wp\/v2\/region?post=2599"},{"taxonomy":"product_brand","embeddable":true,"href":"https:\/\/westgem.shop\/fr\/wp-json\/wp\/v2\/product_brand?post=2599"},{"taxonomy":"product_cat","embeddable":true,"href":"https:\/\/westgem.shop\/fr\/wp-json\/wp\/v2\/product_cat?post=2599"},{"taxonomy":"product_tag","embeddable":true,"href":"https:\/\/westgem.shop\/fr\/wp-json\/wp\/v2\/product_tag?post=2599"}],"curies":[{"name":"wp","href":"https:\/\/api.w.org\/{rel}","templated":true}]}}