{"id":2600,"date":"2001-07-15T00:00:00","date_gmt":"2001-07-15T00:00:00","guid":{"rendered":"https:\/\/miners.rocks\/product\/eklogit-mit-cyanit-xx-saualpe\/"},"modified":"2020-05-19T16:59:57","modified_gmt":"2020-05-19T16:59:57","slug":"eclogite-avec-cyanite-xx-saualpe","status":"publish","type":"product","link":"https:\/\/westgem.shop\/fr\/produit\/eclogite-avec-cyanite-xx-saualpe\/","title":{"rendered":"EKLOGIT avec CYANIT xx - SAUALPE"},"content":{"rendered":"<p>EKLOGIT - roche tr\u00e8s rare contenant du GRANAT en abondance.<\/p>\n<p>De la TYPLOKALIT\u00c9 au-dessus de la Steiner H\u00fctte sur la SAUALPE.<\/p>\n<p>Dans l'EKLOGIT, il y a aussi plusieurs DISTHENES BLEUS.<\/p>\n<p>Poids : 290 g Dimensions : 9 x 6 x 3 cm<\/p>","protected":false},"excerpt":{"rendered":"<p>EKLOGIT - une roche tr\u00e8s rare avec beaucoup de GRANAT. De la TYPLOCALIT\u00c9 au-dessus de la Steiner H\u00fctte sur la SAUALPE. L'EKLOGIT contient \u00e9galement de nombreux DISTHENES BLEUS. Poids : 290 g Dimensions : 9 x 6 x 3 cm<\/p>","protected":false},"featured_media":3829,"template":"","meta":{"_acf_changed":false},"region":[],"product_brand":[],"product_cat":[15],"product_tag":[],"class_list":{"0":"post-2600","1":"product","2":"type-product","3":"status-publish","4":"has-post-thumbnail","6":"product_cat-mineralien","8":"first","9":"outofstock","10":"sold-individually","11":"product-type-simple"},"acf":[],"_links":{"self":[{"href":"https:\/\/westgem.shop\/fr\/wp-json\/wp\/v2\/product\/2600","targetHints":{"allow":["GET"]}}],"collection":[{"href":"https:\/\/westgem.shop\/fr\/wp-json\/wp\/v2\/product"}],"about":[{"href":"https:\/\/westgem.shop\/fr\/wp-json\/wp\/v2\/types\/product"}],"wp:featuredmedia":[{"embeddable":true,"href":"https:\/\/westgem.shop\/fr\/wp-json\/wp\/v2\/media\/3829"}],"wp:attachment":[{"href":"https:\/\/westgem.shop\/fr\/wp-json\/wp\/v2\/media?parent=2600"}],"wp:term":[{"taxonomy":"region","embeddable":true,"href":"https:\/\/westgem.shop\/fr\/wp-json\/wp\/v2\/region?post=2600"},{"taxonomy":"product_brand","embeddable":true,"href":"https:\/\/westgem.shop\/fr\/wp-json\/wp\/v2\/product_brand?post=2600"},{"taxonomy":"product_cat","embeddable":true,"href":"https:\/\/westgem.shop\/fr\/wp-json\/wp\/v2\/product_cat?post=2600"},{"taxonomy":"product_tag","embeddable":true,"href":"https:\/\/westgem.shop\/fr\/wp-json\/wp\/v2\/product_tag?post=2600"}],"curies":[{"name":"wp","href":"https:\/\/api.w.org\/{rel}","templated":true}]}}