{"id":2602,"date":"2001-07-17T00:00:00","date_gmt":"2001-07-17T00:00:00","guid":{"rendered":"https:\/\/miners.rocks\/product\/chalcopyrit-xx-rotguelden\/"},"modified":"2020-05-19T16:59:58","modified_gmt":"2020-05-19T16:59:58","slug":"chalcopyrite-xx-rotguelden","status":"publish","type":"product","link":"https:\/\/westgem.shop\/fr\/produit\/chalcopyrite-xx-rotguelden\/","title":{"rendered":"CHALCOPYRIT xx - ROTG\u00dcLDEN"},"content":{"rendered":"<p>Tr\u00e8s beaux cristaux CHALCOPYRIT tr\u00e8s brillants sur matrice.<\/p>\n<p>CHALCOPYRITE - CUIVRE COLOR\u00c9E de l'ancienne mine d'arsenic de ROTG\u00fcLDEN - pr\u00e8s de St. Michael im Lungau dans les Hohe Tauern - Land de Salzbourg.<\/p>\n<p>L'ancienne mine d'arsenic est certes ferm\u00e9e, mais depuis peu, on prospecte intensivement pour l'OR - on dit que l'extraction devrait commencer d\u00e8s 2012. Selon les derni\u00e8res \u00e9tudes g\u00e9ologiques, il semblerait que la montagne contienne de grandes quantit\u00e9s d'or, de cuivre et d'arsenic. La proportion d'OR par tonne de minerai serait plus \u00e9lev\u00e9e que partout ailleurs dans le monde.<\/p>\n<p>Un petit niveau top avec de tr\u00e8s beaux cristaux en place.<\/p>\n<p>Poids : 178 g Dimensions : 10 x 6 x 5 cm<\/p>","protected":false},"excerpt":{"rendered":"<p>Tr\u00e8s beaux cristaux brillants de CHALCOPYRIT sur matrice. CHALCOPYRITE - CUIVRE COLOR\u00c9E de l'ancienne mine d'arsenic de ROTG\u00fcLDEN - pr\u00e8s de St. Michael im Lungau dans les Hohe Tauern - Land de Salzbourg. L'ancienne mine d'arsenic est certes ferm\u00e9e, mais depuis peu, on prospecte intensivement pour l'OR - l'exploitation devrait soi-disant commencer d\u00e8s 2012. Selon les derni\u00e8res \u00e9tudes g\u00e9ologiques, il y a apparemment [...].<\/p>","protected":false},"featured_media":3835,"template":"","meta":{"_acf_changed":false},"region":[],"product_brand":[],"product_cat":[15],"product_tag":[],"class_list":{"0":"post-2602","1":"product","2":"type-product","3":"status-publish","4":"has-post-thumbnail","6":"product_cat-mineralien","8":"first","9":"outofstock","10":"sold-individually","11":"product-type-simple"},"acf":[],"_links":{"self":[{"href":"https:\/\/westgem.shop\/fr\/wp-json\/wp\/v2\/product\/2602","targetHints":{"allow":["GET"]}}],"collection":[{"href":"https:\/\/westgem.shop\/fr\/wp-json\/wp\/v2\/product"}],"about":[{"href":"https:\/\/westgem.shop\/fr\/wp-json\/wp\/v2\/types\/product"}],"wp:featuredmedia":[{"embeddable":true,"href":"https:\/\/westgem.shop\/fr\/wp-json\/wp\/v2\/media\/3835"}],"wp:attachment":[{"href":"https:\/\/westgem.shop\/fr\/wp-json\/wp\/v2\/media?parent=2602"}],"wp:term":[{"taxonomy":"region","embeddable":true,"href":"https:\/\/westgem.shop\/fr\/wp-json\/wp\/v2\/region?post=2602"},{"taxonomy":"product_brand","embeddable":true,"href":"https:\/\/westgem.shop\/fr\/wp-json\/wp\/v2\/product_brand?post=2602"},{"taxonomy":"product_cat","embeddable":true,"href":"https:\/\/westgem.shop\/fr\/wp-json\/wp\/v2\/product_cat?post=2602"},{"taxonomy":"product_tag","embeddable":true,"href":"https:\/\/westgem.shop\/fr\/wp-json\/wp\/v2\/product_tag?post=2602"}],"curies":[{"name":"wp","href":"https:\/\/api.w.org\/{rel}","templated":true}]}}