{"id":2603,"date":"2001-07-18T00:00:00","date_gmt":"2001-07-18T00:00:00","guid":{"rendered":"https:\/\/miners.rocks\/product\/blauer-aragonit-meiselding\/"},"modified":"2020-05-19T16:59:59","modified_gmt":"2020-05-19T16:59:59","slug":"aragonite-bleue-meiselding","status":"publish","type":"product","link":"https:\/\/westgem.shop\/fr\/produit\/aragonite-bleue-meiselding\/","title":{"rendered":"ARAGONITE bleue - MEISELDING"},"content":{"rendered":"<p>Meiselding, au nord-ouest de Treibach en Carinthie, \u00e9tait une r\u00e9gion mini\u00e8re o\u00f9 l'on extrayait d\u00e9j\u00e0 de l'ARGENT au 14e si\u00e8cle, \u00e0 l'initiative de la comtesse Hemma von Gurk. L'exploitation des mines d'argent a \u00e9t\u00e9 abandonn\u00e9e en 1847.<\/p>\n<p>Les min\u00e9raux issus de cette mine sont tr\u00e8s recherch\u00e9s mais malheureusement difficiles \u00e0 trouver.<\/p>\n<p>Ici, une ARAGONITE en grappes, l\u00e9g\u00e8rement color\u00e9e en bleu par le cuivre, sur schiste.<\/p>\n<p>Poids : 330 g Dimensions : 12 x 8 x 4 cm<\/p>","protected":false},"excerpt":{"rendered":"<p>Meiselding, au nord-ouest de Treibach en Carinthie, \u00e9tait une r\u00e9gion mini\u00e8re o\u00f9 l'on extrayait d\u00e9j\u00e0 de l'ARGENT au 14e si\u00e8cle, \u00e0 l'initiative de la comtesse Hemma von Gurk. L'exploitation de l'argent a \u00e9t\u00e9 abandonn\u00e9e en 1847. Les min\u00e9raux issus de cette mine sont tr\u00e8s recherch\u00e9s mais malheureusement difficiles \u00e0 trouver. Voici un minerai l\u00e9g\u00e8rement bleut\u00e9 par le cuivre [...].<\/p>","protected":false},"featured_media":3838,"template":"","meta":{"_acf_changed":false},"region":[],"product_brand":[],"product_cat":[15],"product_tag":[],"class_list":{"0":"post-2603","1":"product","2":"type-product","3":"status-publish","4":"has-post-thumbnail","6":"product_cat-mineralien","8":"first","9":"outofstock","10":"sold-individually","11":"product-type-simple"},"acf":[],"_links":{"self":[{"href":"https:\/\/westgem.shop\/fr\/wp-json\/wp\/v2\/product\/2603","targetHints":{"allow":["GET"]}}],"collection":[{"href":"https:\/\/westgem.shop\/fr\/wp-json\/wp\/v2\/product"}],"about":[{"href":"https:\/\/westgem.shop\/fr\/wp-json\/wp\/v2\/types\/product"}],"wp:featuredmedia":[{"embeddable":true,"href":"https:\/\/westgem.shop\/fr\/wp-json\/wp\/v2\/media\/3838"}],"wp:attachment":[{"href":"https:\/\/westgem.shop\/fr\/wp-json\/wp\/v2\/media?parent=2603"}],"wp:term":[{"taxonomy":"region","embeddable":true,"href":"https:\/\/westgem.shop\/fr\/wp-json\/wp\/v2\/region?post=2603"},{"taxonomy":"product_brand","embeddable":true,"href":"https:\/\/westgem.shop\/fr\/wp-json\/wp\/v2\/product_brand?post=2603"},{"taxonomy":"product_cat","embeddable":true,"href":"https:\/\/westgem.shop\/fr\/wp-json\/wp\/v2\/product_cat?post=2603"},{"taxonomy":"product_tag","embeddable":true,"href":"https:\/\/westgem.shop\/fr\/wp-json\/wp\/v2\/product_tag?post=2603"}],"curies":[{"name":"wp","href":"https:\/\/api.w.org\/{rel}","templated":true}]}}