{"id":2604,"date":"2001-07-19T00:00:00","date_gmt":"2001-07-19T00:00:00","guid":{"rendered":"https:\/\/miners.rocks\/product\/bernsteinfarbener-kalkspat-kristall-china\/"},"modified":"2020-05-19T16:59:59","modified_gmt":"2020-05-19T16:59:59","slug":"cristal-de-calcite-ambre-chine","status":"publish","type":"product","link":"https:\/\/westgem.shop\/fr\/produit\/cristal-de-calcite-ambre-chine\/","title":{"rendered":"Cristal de PATE CALCAIRE ambr\u00e9 - CHINE"},"content":{"rendered":"<p>Grand cristal de CALCITE de couleur ambre avec de belles surfaces et un peu de minerai d'antimoine.<\/p>\n<p>La CALCITE ou PATE DE CALCAISE est le min\u00e9ral le plus riche en formes qui soit. Cette forme cristalline s'appelle : OEUFS CALCAIRES.<\/p>\n<p>Le lieu de d\u00e9couverte de ces beaux cristaux \u00e9tait en 1999 la mine d'antimonite de la<\/p>\n<p>MINE DE XIONGHUANG - WUYU GUANGXI - CHINE<\/p>\n<p>Poids : exactement 1 kilogramme DIM : 12 x 12 x 8 cm<\/p>\n<p><u>Notez le super PRIX EN LIGNE !<\/u><\/p>","protected":false},"excerpt":{"rendered":"<p>Grand cristal de CALCITE de couleur ambre avec de belles surfaces et un peu de minerai d'antimoine. La CALCITE, ou PATE DE CALCAISE, est le min\u00e9ral le plus riche en formes qui soit. Cette forme cristalline s'appelle : OEUFS CALENDRIQUES. Ces beaux cristaux ont \u00e9t\u00e9 trouv\u00e9s en 1999 dans la mine d'antimonite de XIONGHUANG MINE - WUYU GUANGXI - CHINE Poids : exactement 1 kilogramme DIM : 12 x 12 x 8 cm Observez le superbe ONLINE [...].<\/p>","protected":false},"featured_media":3842,"template":"","meta":{"_acf_changed":false},"region":[],"product_brand":[],"product_cat":[15],"product_tag":[],"class_list":{"0":"post-2604","1":"product","2":"type-product","3":"status-publish","4":"has-post-thumbnail","6":"product_cat-mineralien","8":"first","9":"outofstock","10":"sold-individually","11":"product-type-simple"},"acf":[],"_links":{"self":[{"href":"https:\/\/westgem.shop\/fr\/wp-json\/wp\/v2\/product\/2604","targetHints":{"allow":["GET"]}}],"collection":[{"href":"https:\/\/westgem.shop\/fr\/wp-json\/wp\/v2\/product"}],"about":[{"href":"https:\/\/westgem.shop\/fr\/wp-json\/wp\/v2\/types\/product"}],"wp:featuredmedia":[{"embeddable":true,"href":"https:\/\/westgem.shop\/fr\/wp-json\/wp\/v2\/media\/3842"}],"wp:attachment":[{"href":"https:\/\/westgem.shop\/fr\/wp-json\/wp\/v2\/media?parent=2604"}],"wp:term":[{"taxonomy":"region","embeddable":true,"href":"https:\/\/westgem.shop\/fr\/wp-json\/wp\/v2\/region?post=2604"},{"taxonomy":"product_brand","embeddable":true,"href":"https:\/\/westgem.shop\/fr\/wp-json\/wp\/v2\/product_brand?post=2604"},{"taxonomy":"product_cat","embeddable":true,"href":"https:\/\/westgem.shop\/fr\/wp-json\/wp\/v2\/product_cat?post=2604"},{"taxonomy":"product_tag","embeddable":true,"href":"https:\/\/westgem.shop\/fr\/wp-json\/wp\/v2\/product_tag?post=2604"}],"curies":[{"name":"wp","href":"https:\/\/api.w.org\/{rel}","templated":true}]}}