{"id":2605,"date":"2001-07-20T00:00:00","date_gmt":"2001-07-20T00:00:00","guid":{"rendered":"https:\/\/miners.rocks\/product\/bernsteinfaerbiger-calcit-xx-china\/"},"modified":"2020-05-19T17:00:00","modified_gmt":"2020-05-19T17:00:00","slug":"calcite-ambree-xx-chine","status":"publish","type":"product","link":"https:\/\/westgem.shop\/fr\/produit\/calcite-ambree-xx-chine\/","title":{"rendered":"CALCITE ambre xx - CHINE"},"content":{"rendered":"<p>Grand cristal de CALCAIRE riche en surface avec des faces jumelles et un peu d'ANTIMONITE.<\/p>\n<p>D'apr\u00e8s la fameuse d\u00e9couverte de 1999 dans l'exploitation mini\u00e8re d'antimonite du<\/p>\n<p>MINE de XIONGHUANG \u00e0 WUYU GUANXI - CHINE<\/p>\n<p>Poids : 1,8 kilogramme Dimensions : 19 x 14 x 7 cm<\/p>\n<p>SUPER PRIX EN LIGNE !<\/p>","protected":false},"excerpt":{"rendered":"<p>Grand cristal de CALCAIRE \u00e0 faces jumel\u00e9es avec un peu d'ANTIMONITE. Provenant de la fameuse d\u00e9couverte de 1999 dans la mine d'antimonite de XIONGHUANG MINE \u00e0 WUYU GUANXI - CHINE Poids : 1,8 kilogramme Dimensions : 19 x 14 x 7 cm SUPER PRIX EN LIGNE !<\/p>","protected":false},"featured_media":3846,"template":"","meta":{"_acf_changed":false},"region":[],"product_brand":[],"product_cat":[15],"product_tag":[],"class_list":{"0":"post-2605","1":"product","2":"type-product","3":"status-publish","4":"has-post-thumbnail","6":"product_cat-mineralien","8":"first","9":"outofstock","10":"sold-individually","11":"product-type-simple"},"acf":[],"_links":{"self":[{"href":"https:\/\/westgem.shop\/fr\/wp-json\/wp\/v2\/product\/2605","targetHints":{"allow":["GET"]}}],"collection":[{"href":"https:\/\/westgem.shop\/fr\/wp-json\/wp\/v2\/product"}],"about":[{"href":"https:\/\/westgem.shop\/fr\/wp-json\/wp\/v2\/types\/product"}],"wp:featuredmedia":[{"embeddable":true,"href":"https:\/\/westgem.shop\/fr\/wp-json\/wp\/v2\/media\/3846"}],"wp:attachment":[{"href":"https:\/\/westgem.shop\/fr\/wp-json\/wp\/v2\/media?parent=2605"}],"wp:term":[{"taxonomy":"region","embeddable":true,"href":"https:\/\/westgem.shop\/fr\/wp-json\/wp\/v2\/region?post=2605"},{"taxonomy":"product_brand","embeddable":true,"href":"https:\/\/westgem.shop\/fr\/wp-json\/wp\/v2\/product_brand?post=2605"},{"taxonomy":"product_cat","embeddable":true,"href":"https:\/\/westgem.shop\/fr\/wp-json\/wp\/v2\/product_cat?post=2605"},{"taxonomy":"product_tag","embeddable":true,"href":"https:\/\/westgem.shop\/fr\/wp-json\/wp\/v2\/product_tag?post=2605"}],"curies":[{"name":"wp","href":"https:\/\/api.w.org\/{rel}","templated":true}]}}