{"id":2606,"date":"2001-07-21T00:00:00","date_gmt":"2001-07-21T00:00:00","guid":{"rendered":"https:\/\/miners.rocks\/product\/nautilus\/"},"modified":"2020-05-19T17:00:00","modified_gmt":"2020-05-19T17:00:00","slug":"nautilus","status":"publish","type":"product","link":"https:\/\/westgem.shop\/fr\/produit\/nautilus\/","title":{"rendered":"NAUTILUS"},"content":{"rendered":"<p>NAUTILUS fossile - poli sur toute la surface .<\/p>\n<p>Lat. Nom NAUTILUS CYMATOCERAS<\/p>\n<p>\u00c2ge de la Terre : Cr\u00e9tac\u00e9 inf\u00e9rieur - environ 100 millions d'ann\u00e9es<\/p>\n<p>BEAUCOUP MOINS RARES que les AMMONITES !<\/p>\n<p>Mitsinja - Mahajunga - Madagascar<\/p>\n<p>Poids : 236 g Dimensions : 8 x 6 x 4,5 cm<\/p>","protected":false},"excerpt":{"rendered":"<p>NAUTILUS fossile - poli sur toute la surface . Lat. Nom NAUTILUS CYMATOCERAS Age de la terre : Cr\u00e9tac\u00e9 inf\u00e9rieur - env. 100 millions d'ann\u00e9es BIEN MOINS RARES que les AMMONITES ! Mitsinja - Mahajunga - Madagascar Poids : 236 g Dimensions : 8 x 6 x 4,5 cm<\/p>","protected":false},"featured_media":3851,"template":"","meta":{"_acf_changed":false},"region":[],"product_brand":[],"product_cat":[15],"product_tag":[],"class_list":{"0":"post-2606","1":"product","2":"type-product","3":"status-publish","4":"has-post-thumbnail","6":"product_cat-mineralien","8":"first","9":"outofstock","10":"sold-individually","11":"product-type-simple"},"acf":[],"_links":{"self":[{"href":"https:\/\/westgem.shop\/fr\/wp-json\/wp\/v2\/product\/2606","targetHints":{"allow":["GET"]}}],"collection":[{"href":"https:\/\/westgem.shop\/fr\/wp-json\/wp\/v2\/product"}],"about":[{"href":"https:\/\/westgem.shop\/fr\/wp-json\/wp\/v2\/types\/product"}],"wp:featuredmedia":[{"embeddable":true,"href":"https:\/\/westgem.shop\/fr\/wp-json\/wp\/v2\/media\/3851"}],"wp:attachment":[{"href":"https:\/\/westgem.shop\/fr\/wp-json\/wp\/v2\/media?parent=2606"}],"wp:term":[{"taxonomy":"region","embeddable":true,"href":"https:\/\/westgem.shop\/fr\/wp-json\/wp\/v2\/region?post=2606"},{"taxonomy":"product_brand","embeddable":true,"href":"https:\/\/westgem.shop\/fr\/wp-json\/wp\/v2\/product_brand?post=2606"},{"taxonomy":"product_cat","embeddable":true,"href":"https:\/\/westgem.shop\/fr\/wp-json\/wp\/v2\/product_cat?post=2606"},{"taxonomy":"product_tag","embeddable":true,"href":"https:\/\/westgem.shop\/fr\/wp-json\/wp\/v2\/product_tag?post=2606"}],"curies":[{"name":"wp","href":"https:\/\/api.w.org\/{rel}","templated":true}]}}