{"id":2607,"date":"2001-07-22T00:00:00","date_gmt":"2001-07-22T00:00:00","guid":{"rendered":"https:\/\/miners.rocks\/product\/nautilus-cymatoceras\/"},"modified":"2020-05-19T17:00:01","modified_gmt":"2020-05-19T17:00:01","slug":"nautilus-cymatoceras","status":"publish","type":"product","link":"https:\/\/westgem.shop\/fr\/produit\/nautilus-cymatoceras\/","title":{"rendered":"NAUTILUS CYMATOCERAS"},"content":{"rendered":"<p>NAUTILE FOSSILE RARE<\/p>\n<p>\u00c2ge de la Terre : Cr\u00e9tac\u00e9 inf\u00e9rieur, il y a environ 100 millions d'ann\u00e9es.<\/p>\n<p>Polie sur toute sa surface - Les chambres sont remplies de CALCIT.<\/p>\n<p>Mitsinjo - Mahajunga - Madagascar<\/p>\n<p>Poids : 220 g Dimensions : 7 x 6 x 5 cm<\/p>","protected":false},"excerpt":{"rendered":"<p>RARE FOSSILE NAUTILUS Age de la terre : Cr\u00e9tac\u00e9 inf\u00e9rieur c'\u00e9tait il y a environ 100 millions d'ann\u00e9es Polie sur toute la surface - Les chambres sont remplies de CALCITE. Mitsinjo - Mahajunga - Madagascar Poids : 220 g Dimensions : 7 x 6 x 5 cm<\/p>","protected":false},"featured_media":3854,"template":"","meta":{"_acf_changed":false},"region":[],"product_brand":[],"product_cat":[15],"product_tag":[],"class_list":{"0":"post-2607","1":"product","2":"type-product","3":"status-publish","4":"has-post-thumbnail","6":"product_cat-mineralien","8":"first","9":"outofstock","10":"sold-individually","11":"product-type-simple"},"acf":[],"_links":{"self":[{"href":"https:\/\/westgem.shop\/fr\/wp-json\/wp\/v2\/product\/2607","targetHints":{"allow":["GET"]}}],"collection":[{"href":"https:\/\/westgem.shop\/fr\/wp-json\/wp\/v2\/product"}],"about":[{"href":"https:\/\/westgem.shop\/fr\/wp-json\/wp\/v2\/types\/product"}],"wp:featuredmedia":[{"embeddable":true,"href":"https:\/\/westgem.shop\/fr\/wp-json\/wp\/v2\/media\/3854"}],"wp:attachment":[{"href":"https:\/\/westgem.shop\/fr\/wp-json\/wp\/v2\/media?parent=2607"}],"wp:term":[{"taxonomy":"region","embeddable":true,"href":"https:\/\/westgem.shop\/fr\/wp-json\/wp\/v2\/region?post=2607"},{"taxonomy":"product_brand","embeddable":true,"href":"https:\/\/westgem.shop\/fr\/wp-json\/wp\/v2\/product_brand?post=2607"},{"taxonomy":"product_cat","embeddable":true,"href":"https:\/\/westgem.shop\/fr\/wp-json\/wp\/v2\/product_cat?post=2607"},{"taxonomy":"product_tag","embeddable":true,"href":"https:\/\/westgem.shop\/fr\/wp-json\/wp\/v2\/product_tag?post=2607"}],"curies":[{"name":"wp","href":"https:\/\/api.w.org\/{rel}","templated":true}]}}