{"id":2609,"date":"2001-07-24T00:00:00","date_gmt":"2001-07-24T00:00:00","guid":{"rendered":"https:\/\/miners.rocks\/product\/kupfersmaragd-xx-argentinien\/"},"modified":"2020-05-19T17:00:03","modified_gmt":"2020-05-19T17:00:03","slug":"emeraude-cuivree-xx-argentine","status":"publish","type":"product","link":"https:\/\/westgem.shop\/fr\/produit\/emeraude-cuivree-xx-argentine\/","title":{"rendered":"MARAGUE CUIVRE xx- ARGENTINE"},"content":{"rendered":"<p>Cristaux DIOPTAS \"MARAGDE DE CUIVRE\" d'un vert profond avec CHRYSOKOLL sur pierre m\u00e8re.<\/p>\n<p>Ces pi\u00e8ces ont \u00e9t\u00e9 trouv\u00e9es \u00e0 TANTI en ARGENTINE.<\/p>\n<p>Poids : 333 g Dimensions : 8 x 8 x 4 cm<\/p>\n<p>L'image 4 est la face inf\u00e9rieure<\/p>","protected":false},"excerpt":{"rendered":"<p>Cristaux de DIOPTAS \"MARAGDE DE CUIVRE\" d'un vert profond avec CHRYSOCOL sur roche m\u00e8re. Le lieu de d\u00e9couverte de ces pi\u00e8ces est TANTI en ARGENTINE Poids : 333 g Dimensions : 8 x 8 x 4 cm La photo 4 est la face inf\u00e9rieure<\/p>","protected":false},"featured_media":3860,"template":"","meta":{"_acf_changed":false},"region":[],"product_brand":[],"product_cat":[15],"product_tag":[],"class_list":{"0":"post-2609","1":"product","2":"type-product","3":"status-publish","4":"has-post-thumbnail","6":"product_cat-mineralien","8":"first","9":"outofstock","10":"sold-individually","11":"product-type-simple"},"acf":[],"_links":{"self":[{"href":"https:\/\/westgem.shop\/fr\/wp-json\/wp\/v2\/product\/2609","targetHints":{"allow":["GET"]}}],"collection":[{"href":"https:\/\/westgem.shop\/fr\/wp-json\/wp\/v2\/product"}],"about":[{"href":"https:\/\/westgem.shop\/fr\/wp-json\/wp\/v2\/types\/product"}],"wp:featuredmedia":[{"embeddable":true,"href":"https:\/\/westgem.shop\/fr\/wp-json\/wp\/v2\/media\/3860"}],"wp:attachment":[{"href":"https:\/\/westgem.shop\/fr\/wp-json\/wp\/v2\/media?parent=2609"}],"wp:term":[{"taxonomy":"region","embeddable":true,"href":"https:\/\/westgem.shop\/fr\/wp-json\/wp\/v2\/region?post=2609"},{"taxonomy":"product_brand","embeddable":true,"href":"https:\/\/westgem.shop\/fr\/wp-json\/wp\/v2\/product_brand?post=2609"},{"taxonomy":"product_cat","embeddable":true,"href":"https:\/\/westgem.shop\/fr\/wp-json\/wp\/v2\/product_cat?post=2609"},{"taxonomy":"product_tag","embeddable":true,"href":"https:\/\/westgem.shop\/fr\/wp-json\/wp\/v2\/product_tag?post=2609"}],"curies":[{"name":"wp","href":"https:\/\/api.w.org\/{rel}","templated":true}]}}